{"id":4937,"date":"2023-05-29T20:17:44","date_gmt":"2023-05-29T19:17:44","guid":{"rendered":"http:\/\/ornaqua.pt\/produto\/dr-bassleer-biofish-food-chlorella-xl-170g\/"},"modified":"2026-01-24T07:24:39","modified_gmt":"2026-01-24T07:24:39","slug":"dr-bassleer-biofish-food-chlorella-xl-170g","status":"publish","type":"product","link":"https:\/\/ornaqua.pt\/en\/product\/dr-bassleer-biofish-food-chlorella-xl-170g\/","title":{"rendered":"Dr. Bassleer Biofish Food &#8211; Chlorella XL (170g)"},"content":{"rendered":"<p>Dr. BASSLEER BIOFISH FOOD CHLORELLA cont\u00e9m as valiosas algas Chlorella de \u00e1gua doce. Esta alga \u00e9 rica em caroten\u00f3ides (ex. lute\u00edna, astaxantina), antioxidantes (ex. beta-caroteno), \u00e1cidos gordos insaturados essenciais (ex. A clorofila, bem como \u00e1cidos nucleicos valiosos, promovem o processo de regenera\u00e7\u00e3o. Composi\u00e7\u00e3o: Peixes e derivados de peixes, crust\u00e1ceos, cereais, derivados de origem vegetal, leveduras, minerais, algas (Chlorella, 5%). Ingredientes: Prote\u00edna bruta 54%, \u00f3leos e gorduras brutos 14%, cinza bruta 10%, fibra bruta 8%. Garantido livre de cores artificiais. Pellets Tamanho XL -1,2 \u2013 1,6 mm; para peixes > 10 cm ou 0,05 \u2013 0,06 pol; para peixes > 4 pol.<\/p>","protected":false},"excerpt":{"rendered":"<p>Dr. BASSLEER BIOFISH FOOD CHLORELLA cont\u00e9m as valiosas algas Chlorella de \u00e1gua doce. Esta alga \u00e9 rica em caroten\u00f3ides (ex. lute\u00edna, astaxantina), antioxidantes (ex. beta-caroteno), \u00e1cidos gordos insaturados essenciais (ex. A clorofila, bem como \u00e1cidos nucleicos valiosos, promovem o processo de regenera\u00e7\u00e3o. Composi\u00e7\u00e3o: Peixes e derivados de peixes, crust\u00e1ceos, cereais, derivados de origem vegetal, leveduras, [&hellip;]<\/p>\n","protected":false},"featured_media":4936,"template":"","meta":{"inline_featured_image":false},"product_brand":[],"product_cat":[40],"product_tag":[],"class_list":{"0":"post-4937","1":"product","2":"type-product","3":"status-publish","4":"has-post-thumbnail","6":"product_cat-alimentacao","8":"first","9":"outofstock","10":"taxable","11":"shipping-taxable","12":"purchasable","13":"product-type-simple"},"yoast_head":"<!-- This site is optimized with the Yoast SEO plugin v27.1.1 - https:\/\/yoast.com\/product\/yoast-seo-wordpress\/ -->\n<title>Dr. Bassleer Biofish Food - Chlorella XL (170g) - Ornaqua - Reprodu\u00e7\u00e3o, Importa\u00e7\u00e3o e Comercio de Peixes Ornamentais<\/title>\n<meta name=\"robots\" content=\"index, follow, max-snippet:-1, max-image-preview:large, max-video-preview:-1\" \/>\n<link rel=\"canonical\" href=\"https:\/\/ornaqua.pt\/en\/product\/dr-bassleer-biofish-food-chlorella-xl-170g\/\" \/>\n<meta property=\"og:locale\" content=\"en_GB\" \/>\n<meta property=\"og:type\" content=\"article\" \/>\n<meta property=\"og:title\" content=\"Dr. Bassleer Biofish Food - Chlorella XL (170g) - Ornaqua - Reprodu\u00e7\u00e3o, Importa\u00e7\u00e3o e Comercio de Peixes Ornamentais\" \/>\n<meta property=\"og:description\" content=\"Dr. BASSLEER BIOFISH FOOD CHLORELLA cont\u00e9m as valiosas algas Chlorella de \u00e1gua doce. Esta alga \u00e9 rica em caroten\u00f3ides (ex. lute\u00edna, astaxantina), antioxidantes (ex. beta-caroteno), \u00e1cidos gordos insaturados essenciais (ex. A clorofila, bem como \u00e1cidos nucleicos valiosos, promovem o processo de regenera\u00e7\u00e3o. Composi\u00e7\u00e3o: Peixes e derivados de peixes, crust\u00e1ceos, cereais, derivados de origem vegetal, leveduras, [&hellip;]\" \/>\n<meta property=\"og:url\" content=\"https:\/\/ornaqua.pt\/en\/product\/dr-bassleer-biofish-food-chlorella-xl-170g\/\" \/>\n<meta property=\"og:site_name\" content=\"Ornaqua - Reprodu\u00e7\u00e3o, Importa\u00e7\u00e3o e Comercio de Peixes Ornamentais\" \/>\n<meta property=\"article:publisher\" content=\"https:\/\/www.facebook.com\/ORNAQUA\" \/>\n<meta property=\"article:modified_time\" content=\"2026-01-24T07:24:39+00:00\" \/>\n<meta property=\"og:image\" content=\"https:\/\/ornaqua.pt\/wp-content\/uploads\/2023\/05\/DB016.jpg\" \/>\n\t<meta property=\"og:image:width\" content=\"800\" \/>\n\t<meta property=\"og:image:height\" content=\"800\" \/>\n\t<meta property=\"og:image:type\" content=\"image\/jpeg\" \/>\n<meta name=\"twitter:card\" content=\"summary_large_image\" \/>\n<script type=\"application\/ld+json\" class=\"yoast-schema-graph\">{\"@context\":\"https:\/\/schema.org\",\"@graph\":[{\"@type\":\"WebPage\",\"@id\":\"https:\/\/ornaqua.pt\/produto\/dr-bassleer-biofish-food-chlorella-xl-170g\/\",\"url\":\"https:\/\/ornaqua.pt\/produto\/dr-bassleer-biofish-food-chlorella-xl-170g\/\",\"name\":\"Dr. Bassleer Biofish Food - Chlorella XL (170g) - Ornaqua - Reprodu\u00e7\u00e3o, Importa\u00e7\u00e3o e Comercio de Peixes Ornamentais\",\"isPartOf\":{\"@id\":\"https:\/\/ornaqua.pt\/#website\"},\"primaryImageOfPage\":{\"@id\":\"https:\/\/ornaqua.pt\/produto\/dr-bassleer-biofish-food-chlorella-xl-170g\/#primaryimage\"},\"image\":{\"@id\":\"https:\/\/ornaqua.pt\/produto\/dr-bassleer-biofish-food-chlorella-xl-170g\/#primaryimage\"},\"thumbnailUrl\":\"https:\/\/ornaqua.pt\/wp-content\/uploads\/2023\/05\/DB016.jpg\",\"datePublished\":\"2023-05-29T19:17:44+00:00\",\"dateModified\":\"2026-01-24T07:24:39+00:00\",\"breadcrumb\":{\"@id\":\"https:\/\/ornaqua.pt\/produto\/dr-bassleer-biofish-food-chlorella-xl-170g\/#breadcrumb\"},\"inLanguage\":\"en-GB\",\"potentialAction\":[{\"@type\":\"ReadAction\",\"target\":[\"https:\/\/ornaqua.pt\/produto\/dr-bassleer-biofish-food-chlorella-xl-170g\/\"]}]},{\"@type\":\"ImageObject\",\"inLanguage\":\"en-GB\",\"@id\":\"https:\/\/ornaqua.pt\/produto\/dr-bassleer-biofish-food-chlorella-xl-170g\/#primaryimage\",\"url\":\"https:\/\/ornaqua.pt\/wp-content\/uploads\/2023\/05\/DB016.jpg\",\"contentUrl\":\"https:\/\/ornaqua.pt\/wp-content\/uploads\/2023\/05\/DB016.jpg\",\"width\":800,\"height\":800},{\"@type\":\"BreadcrumbList\",\"@id\":\"https:\/\/ornaqua.pt\/produto\/dr-bassleer-biofish-food-chlorella-xl-170g\/#breadcrumb\",\"itemListElement\":[{\"@type\":\"ListItem\",\"position\":1,\"name\":\"In\u00edcio\",\"item\":\"https:\/\/ornaqua.pt\/\"},{\"@type\":\"ListItem\",\"position\":2,\"name\":\"Produtos\",\"item\":\"https:\/\/ornaqua.pt\/produtos\/\"},{\"@type\":\"ListItem\",\"position\":3,\"name\":\"Dr. Bassleer Biofish Food &#8211; Chlorella XL (170g)\"}]},{\"@type\":\"WebSite\",\"@id\":\"https:\/\/ornaqua.pt\/#website\",\"url\":\"https:\/\/ornaqua.pt\/\",\"name\":\"Ornaqua - Loja Online\",\"description\":\"Reprodu\u00e7\u00e3o, Importa\u00e7\u00e3o e Comercio de Peixes Ornamentais\",\"publisher\":{\"@id\":\"https:\/\/ornaqua.pt\/#organization\"},\"potentialAction\":[{\"@type\":\"SearchAction\",\"target\":{\"@type\":\"EntryPoint\",\"urlTemplate\":\"https:\/\/ornaqua.pt\/?s={search_term_string}\"},\"query-input\":{\"@type\":\"PropertyValueSpecification\",\"valueRequired\":true,\"valueName\":\"search_term_string\"}}],\"inLanguage\":\"en-GB\"},{\"@type\":\"Organization\",\"@id\":\"https:\/\/ornaqua.pt\/#organization\",\"name\":\"Ornaqua - Reprodu\u00e7\u00e3o, Importa\u00e7\u00e3o e Comercio de Peixes Ornamentais\",\"url\":\"https:\/\/ornaqua.pt\/\",\"logo\":{\"@type\":\"ImageObject\",\"inLanguage\":\"en-GB\",\"@id\":\"https:\/\/ornaqua.pt\/#\/schema\/logo\/image\/\",\"url\":\"https:\/\/ornaqua.pt\/wp-content\/uploads\/2023\/10\/logo_ornaqua_200.png\",\"contentUrl\":\"https:\/\/ornaqua.pt\/wp-content\/uploads\/2023\/10\/logo_ornaqua_200.png\",\"width\":200,\"height\":97,\"caption\":\"Ornaqua - Reprodu\u00e7\u00e3o, Importa\u00e7\u00e3o e Comercio de Peixes Ornamentais\"},\"image\":{\"@id\":\"https:\/\/ornaqua.pt\/#\/schema\/logo\/image\/\"},\"sameAs\":[\"https:\/\/www.facebook.com\/ORNAQUA\",\"https:\/\/www.instagram.com\/ornaqua\/\"]}]}<\/script>\n<!-- \/ Yoast SEO plugin. -->","yoast_head_json":{"title":"Dr. Bassleer Biofish Food - Chlorella XL (170g) - Ornaqua - Reprodu\u00e7\u00e3o, Importa\u00e7\u00e3o e Comercio de Peixes Ornamentais","robots":{"index":"index","follow":"follow","max-snippet":"max-snippet:-1","max-image-preview":"max-image-preview:large","max-video-preview":"max-video-preview:-1"},"canonical":"https:\/\/ornaqua.pt\/en\/product\/dr-bassleer-biofish-food-chlorella-xl-170g\/","og_locale":"en_GB","og_type":"article","og_title":"Dr. Bassleer Biofish Food - Chlorella XL (170g) - Ornaqua - Reprodu\u00e7\u00e3o, Importa\u00e7\u00e3o e Comercio de Peixes Ornamentais","og_description":"Dr. BASSLEER BIOFISH FOOD CHLORELLA cont\u00e9m as valiosas algas Chlorella de \u00e1gua doce. Esta alga \u00e9 rica em caroten\u00f3ides (ex. lute\u00edna, astaxantina), antioxidantes (ex. beta-caroteno), \u00e1cidos gordos insaturados essenciais (ex. A clorofila, bem como \u00e1cidos nucleicos valiosos, promovem o processo de regenera\u00e7\u00e3o. Composi\u00e7\u00e3o: Peixes e derivados de peixes, crust\u00e1ceos, cereais, derivados de origem vegetal, leveduras, [&hellip;]","og_url":"https:\/\/ornaqua.pt\/en\/product\/dr-bassleer-biofish-food-chlorella-xl-170g\/","og_site_name":"Ornaqua - Reprodu\u00e7\u00e3o, Importa\u00e7\u00e3o e Comercio de Peixes Ornamentais","article_publisher":"https:\/\/www.facebook.com\/ORNAQUA","article_modified_time":"2026-01-24T07:24:39+00:00","og_image":[{"width":800,"height":800,"url":"https:\/\/ornaqua.pt\/wp-content\/uploads\/2023\/05\/DB016.jpg","type":"image\/jpeg"}],"twitter_card":"summary_large_image","schema":{"@context":"https:\/\/schema.org","@graph":[{"@type":"WebPage","@id":"https:\/\/ornaqua.pt\/produto\/dr-bassleer-biofish-food-chlorella-xl-170g\/","url":"https:\/\/ornaqua.pt\/produto\/dr-bassleer-biofish-food-chlorella-xl-170g\/","name":"Dr. Bassleer Biofish Food - Chlorella XL (170g) - Ornaqua - Reprodu\u00e7\u00e3o, Importa\u00e7\u00e3o e Comercio de Peixes Ornamentais","isPartOf":{"@id":"https:\/\/ornaqua.pt\/#website"},"primaryImageOfPage":{"@id":"https:\/\/ornaqua.pt\/produto\/dr-bassleer-biofish-food-chlorella-xl-170g\/#primaryimage"},"image":{"@id":"https:\/\/ornaqua.pt\/produto\/dr-bassleer-biofish-food-chlorella-xl-170g\/#primaryimage"},"thumbnailUrl":"https:\/\/ornaqua.pt\/wp-content\/uploads\/2023\/05\/DB016.jpg","datePublished":"2023-05-29T19:17:44+00:00","dateModified":"2026-01-24T07:24:39+00:00","breadcrumb":{"@id":"https:\/\/ornaqua.pt\/produto\/dr-bassleer-biofish-food-chlorella-xl-170g\/#breadcrumb"},"inLanguage":"en-GB","potentialAction":[{"@type":"ReadAction","target":["https:\/\/ornaqua.pt\/produto\/dr-bassleer-biofish-food-chlorella-xl-170g\/"]}]},{"@type":"ImageObject","inLanguage":"en-GB","@id":"https:\/\/ornaqua.pt\/produto\/dr-bassleer-biofish-food-chlorella-xl-170g\/#primaryimage","url":"https:\/\/ornaqua.pt\/wp-content\/uploads\/2023\/05\/DB016.jpg","contentUrl":"https:\/\/ornaqua.pt\/wp-content\/uploads\/2023\/05\/DB016.jpg","width":800,"height":800},{"@type":"BreadcrumbList","@id":"https:\/\/ornaqua.pt\/produto\/dr-bassleer-biofish-food-chlorella-xl-170g\/#breadcrumb","itemListElement":[{"@type":"ListItem","position":1,"name":"In\u00edcio","item":"https:\/\/ornaqua.pt\/"},{"@type":"ListItem","position":2,"name":"Produtos","item":"https:\/\/ornaqua.pt\/produtos\/"},{"@type":"ListItem","position":3,"name":"Dr. Bassleer Biofish Food &#8211; Chlorella XL (170g)"}]},{"@type":"WebSite","@id":"https:\/\/ornaqua.pt\/#website","url":"https:\/\/ornaqua.pt\/","name":"Ornaqua - Loja Online","description":"Reprodu\u00e7\u00e3o, Importa\u00e7\u00e3o e Comercio de Peixes Ornamentais","publisher":{"@id":"https:\/\/ornaqua.pt\/#organization"},"potentialAction":[{"@type":"SearchAction","target":{"@type":"EntryPoint","urlTemplate":"https:\/\/ornaqua.pt\/?s={search_term_string}"},"query-input":{"@type":"PropertyValueSpecification","valueRequired":true,"valueName":"search_term_string"}}],"inLanguage":"en-GB"},{"@type":"Organization","@id":"https:\/\/ornaqua.pt\/#organization","name":"Ornaqua - Reprodu\u00e7\u00e3o, Importa\u00e7\u00e3o e Comercio de Peixes Ornamentais","url":"https:\/\/ornaqua.pt\/","logo":{"@type":"ImageObject","inLanguage":"en-GB","@id":"https:\/\/ornaqua.pt\/#\/schema\/logo\/image\/","url":"https:\/\/ornaqua.pt\/wp-content\/uploads\/2023\/10\/logo_ornaqua_200.png","contentUrl":"https:\/\/ornaqua.pt\/wp-content\/uploads\/2023\/10\/logo_ornaqua_200.png","width":200,"height":97,"caption":"Ornaqua - Reprodu\u00e7\u00e3o, Importa\u00e7\u00e3o e Comercio de Peixes Ornamentais"},"image":{"@id":"https:\/\/ornaqua.pt\/#\/schema\/logo\/image\/"},"sameAs":["https:\/\/www.facebook.com\/ORNAQUA","https:\/\/www.instagram.com\/ornaqua\/"]}]}},"_links":{"self":[{"href":"https:\/\/ornaqua.pt\/en\/wp-json\/wp\/v2\/product\/4937","targetHints":{"allow":["GET"]}}],"collection":[{"href":"https:\/\/ornaqua.pt\/en\/wp-json\/wp\/v2\/product"}],"about":[{"href":"https:\/\/ornaqua.pt\/en\/wp-json\/wp\/v2\/types\/product"}],"wp:featuredmedia":[{"embeddable":true,"href":"https:\/\/ornaqua.pt\/en\/wp-json\/wp\/v2\/media\/4936"}],"wp:attachment":[{"href":"https:\/\/ornaqua.pt\/en\/wp-json\/wp\/v2\/media?parent=4937"}],"wp:term":[{"taxonomy":"product_brand","embeddable":true,"href":"https:\/\/ornaqua.pt\/en\/wp-json\/wp\/v2\/product_brand?post=4937"},{"taxonomy":"product_cat","embeddable":true,"href":"https:\/\/ornaqua.pt\/en\/wp-json\/wp\/v2\/product_cat?post=4937"},{"taxonomy":"product_tag","embeddable":true,"href":"https:\/\/ornaqua.pt\/en\/wp-json\/wp\/v2\/product_tag?post=4937"}],"curies":[{"name":"wp","href":"https:\/\/api.w.org\/{rel}","templated":true}]}}