{"id":4771,"date":"2023-05-01T14:01:50","date_gmt":"2023-05-01T13:01:50","guid":{"rendered":"http:\/\/ornaqua.pt\/produto\/discusfood-organic-clear-for-5000-ltrs-500-ml\/"},"modified":"2025-08-06T23:13:32","modified_gmt":"2025-08-06T22:13:32","slug":"discusfood-organic-clear-for-5000-ltrs-500-ml","status":"publish","type":"product","link":"https:\/\/ornaqua.pt\/en\/product\/discusfood-organic-clear-for-5000-ltrs-500-ml\/","title":{"rendered":"Discusfood-Organic Clear for 5000 ltrs (500 ml)"},"content":{"rendered":"<p>\u00d3rg\u00e3os internos, como o f\u00edgado, s\u00e3o bloqueados em suas fun\u00e7\u00f5es pelo aumento das cargas poluentes. Se houver um dano, as fun\u00e7\u00f5es vitais do corpo n\u00e3o podem ser mantidas permanentemente. As consequ\u00eancias s\u00e3o um sistema imunol\u00f3gico fraco e doen\u00e7as dos peixes. O uso de Organic Clear previne danos irrepar\u00e1veis \u200b\u200baos \u00f3rg\u00e3os.<br \/>\nOrganic Clear promove o desenvolvimento de microorganismos \u00fateis.<br \/>\nAcelera a degrada\u00e7\u00e3o de poluentes org\u00e2nicos na \u00e1gua.<br \/>\nOrganic Clear regula o metabolismo.<br \/>\nPreserva o sistema imunol\u00f3gico de forma natural.<br \/>\nGera \u00e1gua cristalina.<br \/>\nOrganic Clear \u00e9 um produto natural puro de valiosos extratos de plantas e ervas, originalmente desenvolvido para a revitaliza\u00e7\u00e3o de \u00e1guas naturais. Organic Clear foi testado com sucesso em \u00e1guas naturais por muitos anos.<br \/>\nOrganic Clear \u00e9 seguro e f\u00e1cil de usar. Dosagem recomendada em ligeira turbidez ou em ciclo regular 5 ml por 100 l. Em caso de turbidez maci\u00e7a ou indisposi\u00e7\u00e3o do peixe 10 ml por l. Pode ser usado regularmente. Mesmo uma overdose m\u00faltipla \u00e9 inofensiva para os peixes.<\/p>","protected":false},"excerpt":{"rendered":"<p>\u00d3rg\u00e3os internos, como o f\u00edgado, s\u00e3o bloqueados em suas fun\u00e7\u00f5es pelo aumento das cargas poluentes. Se houver um dano, as fun\u00e7\u00f5es vitais do corpo n\u00e3o podem ser mantidas permanentemente. As consequ\u00eancias s\u00e3o um sistema imunol\u00f3gico fraco e doen\u00e7as dos peixes. O uso de Organic Clear previne danos irrepar\u00e1veis \u200b\u200baos \u00f3rg\u00e3os. Organic Clear promove o desenvolvimento [&hellip;]<\/p>\n","protected":false},"featured_media":4827,"template":"","meta":{"inline_featured_image":false},"product_brand":[],"product_cat":[43],"product_tag":[],"class_list":{"0":"post-4771","1":"product","2":"type-product","3":"status-publish","4":"has-post-thumbnail","6":"product_cat-tratamentos","8":"first","9":"outofstock","10":"taxable","11":"shipping-taxable","12":"purchasable","13":"product-type-simple"},"yoast_head":"<!-- This site is optimized with the Yoast SEO plugin v27.1.1 - https:\/\/yoast.com\/product\/yoast-seo-wordpress\/ -->\n<title>Discusfood-Organic Clear for 5000 ltrs (500 ml) - Ornaqua - Reprodu\u00e7\u00e3o, Importa\u00e7\u00e3o e Comercio de Peixes Ornamentais<\/title>\n<meta name=\"robots\" content=\"index, follow, max-snippet:-1, max-image-preview:large, max-video-preview:-1\" \/>\n<link rel=\"canonical\" href=\"https:\/\/ornaqua.pt\/en\/product\/discusfood-organic-clear-for-5000-ltrs-500-ml\/\" \/>\n<meta property=\"og:locale\" content=\"en_GB\" \/>\n<meta property=\"og:type\" content=\"article\" \/>\n<meta property=\"og:title\" content=\"Discusfood-Organic Clear for 5000 ltrs (500 ml) - Ornaqua - Reprodu\u00e7\u00e3o, Importa\u00e7\u00e3o e Comercio de Peixes Ornamentais\" \/>\n<meta property=\"og:description\" content=\"\u00d3rg\u00e3os internos, como o f\u00edgado, s\u00e3o bloqueados em suas fun\u00e7\u00f5es pelo aumento das cargas poluentes. Se houver um dano, as fun\u00e7\u00f5es vitais do corpo n\u00e3o podem ser mantidas permanentemente. As consequ\u00eancias s\u00e3o um sistema imunol\u00f3gico fraco e doen\u00e7as dos peixes. O uso de Organic Clear previne danos irrepar\u00e1veis \u200b\u200baos \u00f3rg\u00e3os. Organic Clear promove o desenvolvimento [&hellip;]\" \/>\n<meta property=\"og:url\" content=\"https:\/\/ornaqua.pt\/en\/product\/discusfood-organic-clear-for-5000-ltrs-500-ml\/\" \/>\n<meta property=\"og:site_name\" content=\"Ornaqua - Reprodu\u00e7\u00e3o, Importa\u00e7\u00e3o e Comercio de Peixes Ornamentais\" \/>\n<meta property=\"article:publisher\" content=\"https:\/\/www.facebook.com\/ORNAQUA\" \/>\n<meta property=\"article:modified_time\" content=\"2025-08-06T22:13:32+00:00\" \/>\n<meta property=\"og:image\" content=\"https:\/\/ornaqua.pt\/wp-content\/uploads\/2023\/05\/DF041.jpg\" \/>\n\t<meta property=\"og:image:width\" content=\"800\" \/>\n\t<meta property=\"og:image:height\" content=\"800\" \/>\n\t<meta property=\"og:image:type\" content=\"image\/jpeg\" \/>\n<meta name=\"twitter:card\" content=\"summary_large_image\" \/>\n<meta name=\"twitter:label1\" content=\"Estimated reading time\" \/>\n\t<meta name=\"twitter:data1\" content=\"1 minute\" \/>\n<script type=\"application\/ld+json\" class=\"yoast-schema-graph\">{\"@context\":\"https:\/\/schema.org\",\"@graph\":[{\"@type\":\"WebPage\",\"@id\":\"https:\/\/ornaqua.pt\/produto\/discusfood-organic-clear-for-5000-ltrs-500-ml\/\",\"url\":\"https:\/\/ornaqua.pt\/produto\/discusfood-organic-clear-for-5000-ltrs-500-ml\/\",\"name\":\"Discusfood-Organic Clear for 5000 ltrs (500 ml) - Ornaqua - Reprodu\u00e7\u00e3o, Importa\u00e7\u00e3o e Comercio de Peixes Ornamentais\",\"isPartOf\":{\"@id\":\"https:\/\/ornaqua.pt\/#website\"},\"primaryImageOfPage\":{\"@id\":\"https:\/\/ornaqua.pt\/produto\/discusfood-organic-clear-for-5000-ltrs-500-ml\/#primaryimage\"},\"image\":{\"@id\":\"https:\/\/ornaqua.pt\/produto\/discusfood-organic-clear-for-5000-ltrs-500-ml\/#primaryimage\"},\"thumbnailUrl\":\"https:\/\/ornaqua.pt\/wp-content\/uploads\/2023\/05\/DF041.jpg\",\"datePublished\":\"2023-05-01T13:01:50+00:00\",\"dateModified\":\"2025-08-06T22:13:32+00:00\",\"breadcrumb\":{\"@id\":\"https:\/\/ornaqua.pt\/produto\/discusfood-organic-clear-for-5000-ltrs-500-ml\/#breadcrumb\"},\"inLanguage\":\"en-GB\",\"potentialAction\":[{\"@type\":\"ReadAction\",\"target\":[\"https:\/\/ornaqua.pt\/produto\/discusfood-organic-clear-for-5000-ltrs-500-ml\/\"]}]},{\"@type\":\"ImageObject\",\"inLanguage\":\"en-GB\",\"@id\":\"https:\/\/ornaqua.pt\/produto\/discusfood-organic-clear-for-5000-ltrs-500-ml\/#primaryimage\",\"url\":\"https:\/\/ornaqua.pt\/wp-content\/uploads\/2023\/05\/DF041.jpg\",\"contentUrl\":\"https:\/\/ornaqua.pt\/wp-content\/uploads\/2023\/05\/DF041.jpg\",\"width\":800,\"height\":800},{\"@type\":\"BreadcrumbList\",\"@id\":\"https:\/\/ornaqua.pt\/produto\/discusfood-organic-clear-for-5000-ltrs-500-ml\/#breadcrumb\",\"itemListElement\":[{\"@type\":\"ListItem\",\"position\":1,\"name\":\"In\u00edcio\",\"item\":\"https:\/\/ornaqua.pt\/\"},{\"@type\":\"ListItem\",\"position\":2,\"name\":\"Produtos\",\"item\":\"https:\/\/ornaqua.pt\/produtos\/\"},{\"@type\":\"ListItem\",\"position\":3,\"name\":\"Discusfood-Organic Clear for 5000 ltrs (500 ml)\"}]},{\"@type\":\"WebSite\",\"@id\":\"https:\/\/ornaqua.pt\/#website\",\"url\":\"https:\/\/ornaqua.pt\/\",\"name\":\"Ornaqua - Loja Online\",\"description\":\"Reprodu\u00e7\u00e3o, Importa\u00e7\u00e3o e Comercio de Peixes Ornamentais\",\"publisher\":{\"@id\":\"https:\/\/ornaqua.pt\/#organization\"},\"potentialAction\":[{\"@type\":\"SearchAction\",\"target\":{\"@type\":\"EntryPoint\",\"urlTemplate\":\"https:\/\/ornaqua.pt\/?s={search_term_string}\"},\"query-input\":{\"@type\":\"PropertyValueSpecification\",\"valueRequired\":true,\"valueName\":\"search_term_string\"}}],\"inLanguage\":\"en-GB\"},{\"@type\":\"Organization\",\"@id\":\"https:\/\/ornaqua.pt\/#organization\",\"name\":\"Ornaqua - Reprodu\u00e7\u00e3o, Importa\u00e7\u00e3o e Comercio de Peixes Ornamentais\",\"url\":\"https:\/\/ornaqua.pt\/\",\"logo\":{\"@type\":\"ImageObject\",\"inLanguage\":\"en-GB\",\"@id\":\"https:\/\/ornaqua.pt\/#\/schema\/logo\/image\/\",\"url\":\"https:\/\/ornaqua.pt\/wp-content\/uploads\/2023\/10\/logo_ornaqua_200.png\",\"contentUrl\":\"https:\/\/ornaqua.pt\/wp-content\/uploads\/2023\/10\/logo_ornaqua_200.png\",\"width\":200,\"height\":97,\"caption\":\"Ornaqua - Reprodu\u00e7\u00e3o, Importa\u00e7\u00e3o e Comercio de Peixes Ornamentais\"},\"image\":{\"@id\":\"https:\/\/ornaqua.pt\/#\/schema\/logo\/image\/\"},\"sameAs\":[\"https:\/\/www.facebook.com\/ORNAQUA\",\"https:\/\/www.instagram.com\/ornaqua\/\"]}]}<\/script>\n<!-- \/ Yoast SEO plugin. -->","yoast_head_json":{"title":"Discusfood-Organic Clear for 5000 ltrs (500 ml) - Ornaqua - Reprodu\u00e7\u00e3o, Importa\u00e7\u00e3o e Comercio de Peixes Ornamentais","robots":{"index":"index","follow":"follow","max-snippet":"max-snippet:-1","max-image-preview":"max-image-preview:large","max-video-preview":"max-video-preview:-1"},"canonical":"https:\/\/ornaqua.pt\/en\/product\/discusfood-organic-clear-for-5000-ltrs-500-ml\/","og_locale":"en_GB","og_type":"article","og_title":"Discusfood-Organic Clear for 5000 ltrs (500 ml) - Ornaqua - Reprodu\u00e7\u00e3o, Importa\u00e7\u00e3o e Comercio de Peixes Ornamentais","og_description":"\u00d3rg\u00e3os internos, como o f\u00edgado, s\u00e3o bloqueados em suas fun\u00e7\u00f5es pelo aumento das cargas poluentes. Se houver um dano, as fun\u00e7\u00f5es vitais do corpo n\u00e3o podem ser mantidas permanentemente. As consequ\u00eancias s\u00e3o um sistema imunol\u00f3gico fraco e doen\u00e7as dos peixes. O uso de Organic Clear previne danos irrepar\u00e1veis \u200b\u200baos \u00f3rg\u00e3os. Organic Clear promove o desenvolvimento [&hellip;]","og_url":"https:\/\/ornaqua.pt\/en\/product\/discusfood-organic-clear-for-5000-ltrs-500-ml\/","og_site_name":"Ornaqua - Reprodu\u00e7\u00e3o, Importa\u00e7\u00e3o e Comercio de Peixes Ornamentais","article_publisher":"https:\/\/www.facebook.com\/ORNAQUA","article_modified_time":"2025-08-06T22:13:32+00:00","og_image":[{"width":800,"height":800,"url":"https:\/\/ornaqua.pt\/wp-content\/uploads\/2023\/05\/DF041.jpg","type":"image\/jpeg"}],"twitter_card":"summary_large_image","twitter_misc":{"Estimated reading time":"1 minute"},"schema":{"@context":"https:\/\/schema.org","@graph":[{"@type":"WebPage","@id":"https:\/\/ornaqua.pt\/produto\/discusfood-organic-clear-for-5000-ltrs-500-ml\/","url":"https:\/\/ornaqua.pt\/produto\/discusfood-organic-clear-for-5000-ltrs-500-ml\/","name":"Discusfood-Organic Clear for 5000 ltrs (500 ml) - Ornaqua - Reprodu\u00e7\u00e3o, Importa\u00e7\u00e3o e Comercio de Peixes Ornamentais","isPartOf":{"@id":"https:\/\/ornaqua.pt\/#website"},"primaryImageOfPage":{"@id":"https:\/\/ornaqua.pt\/produto\/discusfood-organic-clear-for-5000-ltrs-500-ml\/#primaryimage"},"image":{"@id":"https:\/\/ornaqua.pt\/produto\/discusfood-organic-clear-for-5000-ltrs-500-ml\/#primaryimage"},"thumbnailUrl":"https:\/\/ornaqua.pt\/wp-content\/uploads\/2023\/05\/DF041.jpg","datePublished":"2023-05-01T13:01:50+00:00","dateModified":"2025-08-06T22:13:32+00:00","breadcrumb":{"@id":"https:\/\/ornaqua.pt\/produto\/discusfood-organic-clear-for-5000-ltrs-500-ml\/#breadcrumb"},"inLanguage":"en-GB","potentialAction":[{"@type":"ReadAction","target":["https:\/\/ornaqua.pt\/produto\/discusfood-organic-clear-for-5000-ltrs-500-ml\/"]}]},{"@type":"ImageObject","inLanguage":"en-GB","@id":"https:\/\/ornaqua.pt\/produto\/discusfood-organic-clear-for-5000-ltrs-500-ml\/#primaryimage","url":"https:\/\/ornaqua.pt\/wp-content\/uploads\/2023\/05\/DF041.jpg","contentUrl":"https:\/\/ornaqua.pt\/wp-content\/uploads\/2023\/05\/DF041.jpg","width":800,"height":800},{"@type":"BreadcrumbList","@id":"https:\/\/ornaqua.pt\/produto\/discusfood-organic-clear-for-5000-ltrs-500-ml\/#breadcrumb","itemListElement":[{"@type":"ListItem","position":1,"name":"In\u00edcio","item":"https:\/\/ornaqua.pt\/"},{"@type":"ListItem","position":2,"name":"Produtos","item":"https:\/\/ornaqua.pt\/produtos\/"},{"@type":"ListItem","position":3,"name":"Discusfood-Organic Clear for 5000 ltrs (500 ml)"}]},{"@type":"WebSite","@id":"https:\/\/ornaqua.pt\/#website","url":"https:\/\/ornaqua.pt\/","name":"Ornaqua - Loja Online","description":"Reprodu\u00e7\u00e3o, Importa\u00e7\u00e3o e Comercio de Peixes Ornamentais","publisher":{"@id":"https:\/\/ornaqua.pt\/#organization"},"potentialAction":[{"@type":"SearchAction","target":{"@type":"EntryPoint","urlTemplate":"https:\/\/ornaqua.pt\/?s={search_term_string}"},"query-input":{"@type":"PropertyValueSpecification","valueRequired":true,"valueName":"search_term_string"}}],"inLanguage":"en-GB"},{"@type":"Organization","@id":"https:\/\/ornaqua.pt\/#organization","name":"Ornaqua - Reprodu\u00e7\u00e3o, Importa\u00e7\u00e3o e Comercio de Peixes Ornamentais","url":"https:\/\/ornaqua.pt\/","logo":{"@type":"ImageObject","inLanguage":"en-GB","@id":"https:\/\/ornaqua.pt\/#\/schema\/logo\/image\/","url":"https:\/\/ornaqua.pt\/wp-content\/uploads\/2023\/10\/logo_ornaqua_200.png","contentUrl":"https:\/\/ornaqua.pt\/wp-content\/uploads\/2023\/10\/logo_ornaqua_200.png","width":200,"height":97,"caption":"Ornaqua - Reprodu\u00e7\u00e3o, Importa\u00e7\u00e3o e Comercio de Peixes Ornamentais"},"image":{"@id":"https:\/\/ornaqua.pt\/#\/schema\/logo\/image\/"},"sameAs":["https:\/\/www.facebook.com\/ORNAQUA","https:\/\/www.instagram.com\/ornaqua\/"]}]}},"_links":{"self":[{"href":"https:\/\/ornaqua.pt\/en\/wp-json\/wp\/v2\/product\/4771","targetHints":{"allow":["GET"]}}],"collection":[{"href":"https:\/\/ornaqua.pt\/en\/wp-json\/wp\/v2\/product"}],"about":[{"href":"https:\/\/ornaqua.pt\/en\/wp-json\/wp\/v2\/types\/product"}],"wp:featuredmedia":[{"embeddable":true,"href":"https:\/\/ornaqua.pt\/en\/wp-json\/wp\/v2\/media\/4827"}],"wp:attachment":[{"href":"https:\/\/ornaqua.pt\/en\/wp-json\/wp\/v2\/media?parent=4771"}],"wp:term":[{"taxonomy":"product_brand","embeddable":true,"href":"https:\/\/ornaqua.pt\/en\/wp-json\/wp\/v2\/product_brand?post=4771"},{"taxonomy":"product_cat","embeddable":true,"href":"https:\/\/ornaqua.pt\/en\/wp-json\/wp\/v2\/product_cat?post=4771"},{"taxonomy":"product_tag","embeddable":true,"href":"https:\/\/ornaqua.pt\/en\/wp-json\/wp\/v2\/product_tag?post=4771"}],"curies":[{"name":"wp","href":"https:\/\/api.w.org\/{rel}","templated":true}]}}