{"id":4759,"date":"2023-05-01T14:01:21","date_gmt":"2023-05-01T13:01:21","guid":{"rendered":"http:\/\/ornaqua.pt\/produto\/discusfood-breeder-starter-food-i-500g\/"},"modified":"2026-03-27T11:45:20","modified_gmt":"2026-03-27T11:45:20","slug":"discusfood-breeder-starter-food-i-500g","status":"publish","type":"product","link":"https:\/\/ornaqua.pt\/en\/product\/discusfood-breeder-starter-food-i-500g\/","title":{"rendered":"Discusfood-Breeder Starter Food I (500g)"},"content":{"rendered":"<h2>Breeder Starter Food<\/h2>\n<p>Conte\u00fado: Ra\u00e7\u00e3o Breeder Starter Food cont\u00e9m prote\u00edna 51,2%, gordura 6,5%, cinza 9,6%, fibra 0,8%.<br \/>\nAditivos por kg: Vitaminas: A (3a672a) 20000 UI, D3 (3a671) 2000 UI; com corantes; oligoelementos: Mn (3b503) 10 mg, Zn (3b605) 24 mg; com antioxidantes.<br \/>\nIngredientes: Farinha de peixe, gl\u00faten de trigo, farinha de krill, subprodutos vegetais, trigo, lecitina, \u00f3leo de peixe, complexo multivitam\u00ednico, corantes. <a href=\"https:\/\/ornaqua.pt\/en\/product-category\/alimentacao\/\">Alimentar<\/a> diariamente em pequenas por\u00e7\u00f5es.<\/p>","protected":false},"excerpt":{"rendered":"<p>Breeder Starter Food Conte\u00fado: Ra\u00e7\u00e3o Breeder Starter Food cont\u00e9m prote\u00edna 51,2%, gordura 6,5%, cinza 9,6%, fibra 0,8%. Aditivos por kg: Vitaminas: A (3a672a) 20000 UI, D3 (3a671) 2000 UI; com corantes; oligoelementos: Mn (3b503) 10 mg, Zn (3b605) 24 mg; com antioxidantes. Ingredientes: Farinha de peixe, gl\u00faten de trigo, farinha de krill, subprodutos vegetais, trigo, [&hellip;]<\/p>\n","protected":false},"featured_media":6826,"template":"","meta":{"inline_featured_image":false},"product_brand":[],"product_cat":[40],"product_tag":[],"class_list":{"0":"post-4759","1":"product","2":"type-product","3":"status-publish","4":"has-post-thumbnail","6":"product_cat-alimentacao","8":"first","9":"instock","10":"taxable","11":"shipping-taxable","12":"purchasable","13":"product-type-simple"},"yoast_head":"<!-- This site is optimized with the Yoast SEO plugin v27.1.1 - https:\/\/yoast.com\/product\/yoast-seo-wordpress\/ -->\n<title>Ra\u00e7\u00e3o Breeder Starter Food I (500g) - Discusfood | Ornaqua<\/title>\n<meta name=\"description\" content=\"Ra\u00e7\u00e3o Breeder Starter Food I (500g) profissional. Altamente nutritiva, refor\u00e7ada com vitaminas, cereais e aditivos para crescimento saud\u00e1vel desde cedo.\" \/>\n<meta name=\"robots\" content=\"index, follow, max-snippet:-1, max-image-preview:large, max-video-preview:-1\" \/>\n<link rel=\"canonical\" href=\"https:\/\/ornaqua.pt\/en\/product\/discusfood-breeder-starter-food-i-500g\/\" \/>\n<meta property=\"og:locale\" content=\"en_GB\" \/>\n<meta property=\"og:type\" content=\"article\" \/>\n<meta property=\"og:title\" content=\"Ra\u00e7\u00e3o Breeder Starter Food I (500g) - Discusfood | Ornaqua\" \/>\n<meta property=\"og:description\" content=\"Ra\u00e7\u00e3o Breeder Starter Food I (500g) profissional. Altamente nutritiva, refor\u00e7ada com vitaminas, cereais e aditivos para crescimento saud\u00e1vel desde cedo.\" \/>\n<meta property=\"og:url\" content=\"https:\/\/ornaqua.pt\/en\/product\/discusfood-breeder-starter-food-i-500g\/\" \/>\n<meta property=\"og:site_name\" content=\"Ornaqua - Reprodu\u00e7\u00e3o, Importa\u00e7\u00e3o e Comercio de Peixes Ornamentais\" \/>\n<meta property=\"article:publisher\" content=\"https:\/\/www.facebook.com\/ORNAQUA\" \/>\n<meta property=\"article:modified_time\" content=\"2026-03-27T11:45:20+00:00\" \/>\n<meta property=\"og:image\" content=\"https:\/\/ornaqua.pt\/wp-content\/uploads\/2023\/05\/600x600-16.jpg\" \/>\n\t<meta property=\"og:image:width\" content=\"600\" \/>\n\t<meta property=\"og:image:height\" content=\"600\" \/>\n\t<meta property=\"og:image:type\" content=\"image\/jpeg\" \/>\n<meta name=\"twitter:card\" content=\"summary_large_image\" \/>\n<meta name=\"twitter:label1\" content=\"Estimated reading time\" \/>\n\t<meta name=\"twitter:data1\" content=\"1 minute\" \/>\n<script type=\"application\/ld+json\" class=\"yoast-schema-graph\">{\"@context\":\"https:\/\/schema.org\",\"@graph\":[{\"@type\":\"WebPage\",\"@id\":\"https:\/\/ornaqua.pt\/produto\/discusfood-breeder-starter-food-i-500g\/\",\"url\":\"https:\/\/ornaqua.pt\/produto\/discusfood-breeder-starter-food-i-500g\/\",\"name\":\"Ra\u00e7\u00e3o Breeder Starter Food I (500g) - Discusfood | Ornaqua\",\"isPartOf\":{\"@id\":\"https:\/\/ornaqua.pt\/#website\"},\"primaryImageOfPage\":{\"@id\":\"https:\/\/ornaqua.pt\/produto\/discusfood-breeder-starter-food-i-500g\/#primaryimage\"},\"image\":{\"@id\":\"https:\/\/ornaqua.pt\/produto\/discusfood-breeder-starter-food-i-500g\/#primaryimage\"},\"thumbnailUrl\":\"https:\/\/ornaqua.pt\/wp-content\/uploads\/2023\/05\/600x600-16.jpg\",\"datePublished\":\"2023-05-01T13:01:21+00:00\",\"dateModified\":\"2026-03-27T11:45:20+00:00\",\"description\":\"Ra\u00e7\u00e3o Breeder Starter Food I (500g) profissional. Altamente nutritiva, refor\u00e7ada com vitaminas, cereais e aditivos para crescimento saud\u00e1vel desde cedo.\",\"breadcrumb\":{\"@id\":\"https:\/\/ornaqua.pt\/produto\/discusfood-breeder-starter-food-i-500g\/#breadcrumb\"},\"inLanguage\":\"en-GB\",\"potentialAction\":[{\"@type\":\"ReadAction\",\"target\":[\"https:\/\/ornaqua.pt\/produto\/discusfood-breeder-starter-food-i-500g\/\"]}]},{\"@type\":\"ImageObject\",\"inLanguage\":\"en-GB\",\"@id\":\"https:\/\/ornaqua.pt\/produto\/discusfood-breeder-starter-food-i-500g\/#primaryimage\",\"url\":\"https:\/\/ornaqua.pt\/wp-content\/uploads\/2023\/05\/600x600-16.jpg\",\"contentUrl\":\"https:\/\/ornaqua.pt\/wp-content\/uploads\/2023\/05\/600x600-16.jpg\",\"width\":600,\"height\":600},{\"@type\":\"BreadcrumbList\",\"@id\":\"https:\/\/ornaqua.pt\/produto\/discusfood-breeder-starter-food-i-500g\/#breadcrumb\",\"itemListElement\":[{\"@type\":\"ListItem\",\"position\":1,\"name\":\"In\u00edcio\",\"item\":\"https:\/\/ornaqua.pt\/\"},{\"@type\":\"ListItem\",\"position\":2,\"name\":\"Produtos\",\"item\":\"https:\/\/ornaqua.pt\/produtos\/\"},{\"@type\":\"ListItem\",\"position\":3,\"name\":\"Discusfood-Breeder Starter Food I (500g)\"}]},{\"@type\":\"WebSite\",\"@id\":\"https:\/\/ornaqua.pt\/#website\",\"url\":\"https:\/\/ornaqua.pt\/\",\"name\":\"Ornaqua - Loja Online\",\"description\":\"Reprodu\u00e7\u00e3o, Importa\u00e7\u00e3o e Comercio de Peixes Ornamentais\",\"publisher\":{\"@id\":\"https:\/\/ornaqua.pt\/#organization\"},\"potentialAction\":[{\"@type\":\"SearchAction\",\"target\":{\"@type\":\"EntryPoint\",\"urlTemplate\":\"https:\/\/ornaqua.pt\/?s={search_term_string}\"},\"query-input\":{\"@type\":\"PropertyValueSpecification\",\"valueRequired\":true,\"valueName\":\"search_term_string\"}}],\"inLanguage\":\"en-GB\"},{\"@type\":\"Organization\",\"@id\":\"https:\/\/ornaqua.pt\/#organization\",\"name\":\"Ornaqua - Reprodu\u00e7\u00e3o, Importa\u00e7\u00e3o e Comercio de Peixes Ornamentais\",\"url\":\"https:\/\/ornaqua.pt\/\",\"logo\":{\"@type\":\"ImageObject\",\"inLanguage\":\"en-GB\",\"@id\":\"https:\/\/ornaqua.pt\/#\/schema\/logo\/image\/\",\"url\":\"https:\/\/ornaqua.pt\/wp-content\/uploads\/2023\/10\/logo_ornaqua_200.png\",\"contentUrl\":\"https:\/\/ornaqua.pt\/wp-content\/uploads\/2023\/10\/logo_ornaqua_200.png\",\"width\":200,\"height\":97,\"caption\":\"Ornaqua - Reprodu\u00e7\u00e3o, Importa\u00e7\u00e3o e Comercio de Peixes Ornamentais\"},\"image\":{\"@id\":\"https:\/\/ornaqua.pt\/#\/schema\/logo\/image\/\"},\"sameAs\":[\"https:\/\/www.facebook.com\/ORNAQUA\",\"https:\/\/www.instagram.com\/ornaqua\/\"]}]}<\/script>\n<!-- \/ Yoast SEO plugin. -->","yoast_head_json":{"title":"Ra\u00e7\u00e3o Breeder Starter Food I (500g) - Discusfood | Ornaqua","description":"Ra\u00e7\u00e3o Breeder Starter Food I (500g) profissional. Altamente nutritiva, refor\u00e7ada com vitaminas, cereais e aditivos para crescimento saud\u00e1vel desde cedo.","robots":{"index":"index","follow":"follow","max-snippet":"max-snippet:-1","max-image-preview":"max-image-preview:large","max-video-preview":"max-video-preview:-1"},"canonical":"https:\/\/ornaqua.pt\/en\/product\/discusfood-breeder-starter-food-i-500g\/","og_locale":"en_GB","og_type":"article","og_title":"Ra\u00e7\u00e3o Breeder Starter Food I (500g) - Discusfood | Ornaqua","og_description":"Ra\u00e7\u00e3o Breeder Starter Food I (500g) profissional. Altamente nutritiva, refor\u00e7ada com vitaminas, cereais e aditivos para crescimento saud\u00e1vel desde cedo.","og_url":"https:\/\/ornaqua.pt\/en\/product\/discusfood-breeder-starter-food-i-500g\/","og_site_name":"Ornaqua - Reprodu\u00e7\u00e3o, Importa\u00e7\u00e3o e Comercio de Peixes Ornamentais","article_publisher":"https:\/\/www.facebook.com\/ORNAQUA","article_modified_time":"2026-03-27T11:45:20+00:00","og_image":[{"width":600,"height":600,"url":"https:\/\/ornaqua.pt\/wp-content\/uploads\/2023\/05\/600x600-16.jpg","type":"image\/jpeg"}],"twitter_card":"summary_large_image","twitter_misc":{"Estimated reading time":"1 minute"},"schema":{"@context":"https:\/\/schema.org","@graph":[{"@type":"WebPage","@id":"https:\/\/ornaqua.pt\/produto\/discusfood-breeder-starter-food-i-500g\/","url":"https:\/\/ornaqua.pt\/produto\/discusfood-breeder-starter-food-i-500g\/","name":"Ra\u00e7\u00e3o Breeder Starter Food I (500g) - Discusfood | Ornaqua","isPartOf":{"@id":"https:\/\/ornaqua.pt\/#website"},"primaryImageOfPage":{"@id":"https:\/\/ornaqua.pt\/produto\/discusfood-breeder-starter-food-i-500g\/#primaryimage"},"image":{"@id":"https:\/\/ornaqua.pt\/produto\/discusfood-breeder-starter-food-i-500g\/#primaryimage"},"thumbnailUrl":"https:\/\/ornaqua.pt\/wp-content\/uploads\/2023\/05\/600x600-16.jpg","datePublished":"2023-05-01T13:01:21+00:00","dateModified":"2026-03-27T11:45:20+00:00","description":"Ra\u00e7\u00e3o Breeder Starter Food I (500g) profissional. Altamente nutritiva, refor\u00e7ada com vitaminas, cereais e aditivos para crescimento saud\u00e1vel desde cedo.","breadcrumb":{"@id":"https:\/\/ornaqua.pt\/produto\/discusfood-breeder-starter-food-i-500g\/#breadcrumb"},"inLanguage":"en-GB","potentialAction":[{"@type":"ReadAction","target":["https:\/\/ornaqua.pt\/produto\/discusfood-breeder-starter-food-i-500g\/"]}]},{"@type":"ImageObject","inLanguage":"en-GB","@id":"https:\/\/ornaqua.pt\/produto\/discusfood-breeder-starter-food-i-500g\/#primaryimage","url":"https:\/\/ornaqua.pt\/wp-content\/uploads\/2023\/05\/600x600-16.jpg","contentUrl":"https:\/\/ornaqua.pt\/wp-content\/uploads\/2023\/05\/600x600-16.jpg","width":600,"height":600},{"@type":"BreadcrumbList","@id":"https:\/\/ornaqua.pt\/produto\/discusfood-breeder-starter-food-i-500g\/#breadcrumb","itemListElement":[{"@type":"ListItem","position":1,"name":"In\u00edcio","item":"https:\/\/ornaqua.pt\/"},{"@type":"ListItem","position":2,"name":"Produtos","item":"https:\/\/ornaqua.pt\/produtos\/"},{"@type":"ListItem","position":3,"name":"Discusfood-Breeder Starter Food I (500g)"}]},{"@type":"WebSite","@id":"https:\/\/ornaqua.pt\/#website","url":"https:\/\/ornaqua.pt\/","name":"Ornaqua - Loja Online","description":"Reprodu\u00e7\u00e3o, Importa\u00e7\u00e3o e Comercio de Peixes Ornamentais","publisher":{"@id":"https:\/\/ornaqua.pt\/#organization"},"potentialAction":[{"@type":"SearchAction","target":{"@type":"EntryPoint","urlTemplate":"https:\/\/ornaqua.pt\/?s={search_term_string}"},"query-input":{"@type":"PropertyValueSpecification","valueRequired":true,"valueName":"search_term_string"}}],"inLanguage":"en-GB"},{"@type":"Organization","@id":"https:\/\/ornaqua.pt\/#organization","name":"Ornaqua - Reprodu\u00e7\u00e3o, Importa\u00e7\u00e3o e Comercio de Peixes Ornamentais","url":"https:\/\/ornaqua.pt\/","logo":{"@type":"ImageObject","inLanguage":"en-GB","@id":"https:\/\/ornaqua.pt\/#\/schema\/logo\/image\/","url":"https:\/\/ornaqua.pt\/wp-content\/uploads\/2023\/10\/logo_ornaqua_200.png","contentUrl":"https:\/\/ornaqua.pt\/wp-content\/uploads\/2023\/10\/logo_ornaqua_200.png","width":200,"height":97,"caption":"Ornaqua - Reprodu\u00e7\u00e3o, Importa\u00e7\u00e3o e Comercio de Peixes Ornamentais"},"image":{"@id":"https:\/\/ornaqua.pt\/#\/schema\/logo\/image\/"},"sameAs":["https:\/\/www.facebook.com\/ORNAQUA","https:\/\/www.instagram.com\/ornaqua\/"]}]}},"_links":{"self":[{"href":"https:\/\/ornaqua.pt\/en\/wp-json\/wp\/v2\/product\/4759","targetHints":{"allow":["GET"]}}],"collection":[{"href":"https:\/\/ornaqua.pt\/en\/wp-json\/wp\/v2\/product"}],"about":[{"href":"https:\/\/ornaqua.pt\/en\/wp-json\/wp\/v2\/types\/product"}],"wp:featuredmedia":[{"embeddable":true,"href":"https:\/\/ornaqua.pt\/en\/wp-json\/wp\/v2\/media\/6826"}],"wp:attachment":[{"href":"https:\/\/ornaqua.pt\/en\/wp-json\/wp\/v2\/media?parent=4759"}],"wp:term":[{"taxonomy":"product_brand","embeddable":true,"href":"https:\/\/ornaqua.pt\/en\/wp-json\/wp\/v2\/product_brand?post=4759"},{"taxonomy":"product_cat","embeddable":true,"href":"https:\/\/ornaqua.pt\/en\/wp-json\/wp\/v2\/product_cat?post=4759"},{"taxonomy":"product_tag","embeddable":true,"href":"https:\/\/ornaqua.pt\/en\/wp-json\/wp\/v2\/product_tag?post=4759"}],"curies":[{"name":"wp","href":"https:\/\/api.w.org\/{rel}","templated":true}]}}