{"id":4746,"date":"2023-05-01T14:00:49","date_gmt":"2023-05-01T13:00:49","guid":{"rendered":"http:\/\/ornaqua.pt\/produto\/discusfood-grand-champion-granulate-1mm-230g-bag\/"},"modified":"2026-03-27T11:45:18","modified_gmt":"2026-03-27T11:45:18","slug":"discusfood-grand-champion-granulate-1mm-230g-bag","status":"publish","type":"product","link":"https:\/\/ornaqua.pt\/en\/product\/discusfood-grand-champion-granulate-1mm-230g-bag\/","title":{"rendered":"Discusfood Grand Champion Granulate 1mm -230g bag"},"content":{"rendered":"<h2>Discusfood Grand Champion<\/h2>\n<p>Conte\u00fado: Discusfood Grand Champion com prote\u00edna bruta 59%, gordura bruta 14,5%, fibra bruta 0,7%, cinza bruta 12,4%<br \/>\nAditivos por kg: Vitaminas: A (3a672a) 25000 UI, D3 (3a671) 2500 UI; com corantes; oligoelementos: Mn (3b503) 12 mg, Zn (3b605) 30 mg; com antioxidantes.<br \/>\nIngredientes: Farinha de peixe, gl\u00faten de trigo, farinha de krill, trigo, \u00f3leo de peixe.<br \/>\nConselhos de alimenta\u00e7\u00e3o: O <a href=\"https:\/\/ornaqua.pt\/en\/product-category\/alimentacao\/\">alimento<\/a> pode ser fornecido sozinho ou em combina\u00e7\u00e3o com outros alimentos. Alimente diariamente em pequenas por\u00e7\u00f5es. Real\u00e7a a colora\u00e7\u00e3o vermelha e azul.<\/p>","protected":false},"excerpt":{"rendered":"<p>Discusfood Grand Champion Conte\u00fado: Discusfood Grand Champion com prote\u00edna bruta 59%, gordura bruta 14,5%, fibra bruta 0,7%, cinza bruta 12,4% Aditivos por kg: Vitaminas: A (3a672a) 25000 UI, D3 (3a671) 2500 UI; com corantes; oligoelementos: Mn (3b503) 12 mg, Zn (3b605) 30 mg; com antioxidantes. Ingredientes: Farinha de peixe, gl\u00faten de trigo, farinha de krill, [&hellip;]<\/p>\n","protected":false},"featured_media":6829,"template":"","meta":{"inline_featured_image":false},"product_brand":[],"product_cat":[40],"product_tag":[],"class_list":{"0":"post-4746","1":"product","2":"type-product","3":"status-publish","4":"has-post-thumbnail","6":"product_cat-alimentacao","8":"first","9":"instock","10":"taxable","11":"shipping-taxable","12":"purchasable","13":"product-type-simple"},"yoast_head":"<!-- This site is optimized with the Yoast SEO plugin v27.1.1 - https:\/\/yoast.com\/product\/yoast-seo-wordpress\/ -->\n<title>Discusfood Grand Champion Granulate 1mm -230g bag | Ornaqua<\/title>\n<meta name=\"description\" content=\"Ra\u00e7\u00e3o premium de 1mm Discusfood Grand Champion, com prote\u00ednas de alta digestibilidade, cereais e vitaminas. Promove cor intensa e crescimento saud\u00e1vel.\" \/>\n<meta name=\"robots\" content=\"index, follow, max-snippet:-1, max-image-preview:large, max-video-preview:-1\" \/>\n<link rel=\"canonical\" href=\"https:\/\/ornaqua.pt\/en\/product\/discusfood-grand-champion-granulate-1mm-230g-bag\/\" \/>\n<meta property=\"og:locale\" content=\"en_GB\" \/>\n<meta property=\"og:type\" content=\"article\" \/>\n<meta property=\"og:title\" content=\"Discusfood Grand Champion Granulate 1mm -230g bag | Ornaqua\" \/>\n<meta property=\"og:description\" content=\"Ra\u00e7\u00e3o premium de 1mm Discusfood Grand Champion, com prote\u00ednas de alta digestibilidade, cereais e vitaminas. Promove cor intensa e crescimento saud\u00e1vel.\" \/>\n<meta property=\"og:url\" content=\"https:\/\/ornaqua.pt\/en\/product\/discusfood-grand-champion-granulate-1mm-230g-bag\/\" \/>\n<meta property=\"og:site_name\" content=\"Ornaqua - Reprodu\u00e7\u00e3o, Importa\u00e7\u00e3o e Comercio de Peixes Ornamentais\" \/>\n<meta property=\"article:publisher\" content=\"https:\/\/www.facebook.com\/ORNAQUA\" \/>\n<meta property=\"article:modified_time\" content=\"2026-03-27T11:45:18+00:00\" \/>\n<meta property=\"og:image\" content=\"https:\/\/ornaqua.pt\/wp-content\/uploads\/2023\/05\/600x600-18.jpg\" \/>\n\t<meta property=\"og:image:width\" content=\"600\" \/>\n\t<meta property=\"og:image:height\" content=\"600\" \/>\n\t<meta property=\"og:image:type\" content=\"image\/jpeg\" \/>\n<meta name=\"twitter:card\" content=\"summary_large_image\" \/>\n<meta name=\"twitter:label1\" content=\"Estimated reading time\" \/>\n\t<meta name=\"twitter:data1\" content=\"1 minute\" \/>\n<script type=\"application\/ld+json\" class=\"yoast-schema-graph\">{\"@context\":\"https:\/\/schema.org\",\"@graph\":[{\"@type\":\"WebPage\",\"@id\":\"https:\/\/ornaqua.pt\/produto\/discusfood-grand-champion-granulate-1mm-230g-bag\/\",\"url\":\"https:\/\/ornaqua.pt\/produto\/discusfood-grand-champion-granulate-1mm-230g-bag\/\",\"name\":\"Discusfood Grand Champion Granulate 1mm -230g bag | Ornaqua\",\"isPartOf\":{\"@id\":\"https:\/\/ornaqua.pt\/#website\"},\"primaryImageOfPage\":{\"@id\":\"https:\/\/ornaqua.pt\/produto\/discusfood-grand-champion-granulate-1mm-230g-bag\/#primaryimage\"},\"image\":{\"@id\":\"https:\/\/ornaqua.pt\/produto\/discusfood-grand-champion-granulate-1mm-230g-bag\/#primaryimage\"},\"thumbnailUrl\":\"https:\/\/ornaqua.pt\/wp-content\/uploads\/2023\/05\/600x600-18.jpg\",\"datePublished\":\"2023-05-01T13:00:49+00:00\",\"dateModified\":\"2026-03-27T11:45:18+00:00\",\"description\":\"Ra\u00e7\u00e3o premium de 1mm Discusfood Grand Champion, com prote\u00ednas de alta digestibilidade, cereais e vitaminas. Promove cor intensa e crescimento saud\u00e1vel.\",\"breadcrumb\":{\"@id\":\"https:\/\/ornaqua.pt\/produto\/discusfood-grand-champion-granulate-1mm-230g-bag\/#breadcrumb\"},\"inLanguage\":\"en-GB\",\"potentialAction\":[{\"@type\":\"ReadAction\",\"target\":[\"https:\/\/ornaqua.pt\/produto\/discusfood-grand-champion-granulate-1mm-230g-bag\/\"]}]},{\"@type\":\"ImageObject\",\"inLanguage\":\"en-GB\",\"@id\":\"https:\/\/ornaqua.pt\/produto\/discusfood-grand-champion-granulate-1mm-230g-bag\/#primaryimage\",\"url\":\"https:\/\/ornaqua.pt\/wp-content\/uploads\/2023\/05\/600x600-18.jpg\",\"contentUrl\":\"https:\/\/ornaqua.pt\/wp-content\/uploads\/2023\/05\/600x600-18.jpg\",\"width\":600,\"height\":600},{\"@type\":\"BreadcrumbList\",\"@id\":\"https:\/\/ornaqua.pt\/produto\/discusfood-grand-champion-granulate-1mm-230g-bag\/#breadcrumb\",\"itemListElement\":[{\"@type\":\"ListItem\",\"position\":1,\"name\":\"In\u00edcio\",\"item\":\"https:\/\/ornaqua.pt\/\"},{\"@type\":\"ListItem\",\"position\":2,\"name\":\"Produtos\",\"item\":\"https:\/\/ornaqua.pt\/produtos\/\"},{\"@type\":\"ListItem\",\"position\":3,\"name\":\"Discusfood Grand Champion Granulate 1mm -230g bag\"}]},{\"@type\":\"WebSite\",\"@id\":\"https:\/\/ornaqua.pt\/#website\",\"url\":\"https:\/\/ornaqua.pt\/\",\"name\":\"Ornaqua - Loja Online\",\"description\":\"Reprodu\u00e7\u00e3o, Importa\u00e7\u00e3o e Comercio de Peixes Ornamentais\",\"publisher\":{\"@id\":\"https:\/\/ornaqua.pt\/#organization\"},\"potentialAction\":[{\"@type\":\"SearchAction\",\"target\":{\"@type\":\"EntryPoint\",\"urlTemplate\":\"https:\/\/ornaqua.pt\/?s={search_term_string}\"},\"query-input\":{\"@type\":\"PropertyValueSpecification\",\"valueRequired\":true,\"valueName\":\"search_term_string\"}}],\"inLanguage\":\"en-GB\"},{\"@type\":\"Organization\",\"@id\":\"https:\/\/ornaqua.pt\/#organization\",\"name\":\"Ornaqua - Reprodu\u00e7\u00e3o, Importa\u00e7\u00e3o e Comercio de Peixes Ornamentais\",\"url\":\"https:\/\/ornaqua.pt\/\",\"logo\":{\"@type\":\"ImageObject\",\"inLanguage\":\"en-GB\",\"@id\":\"https:\/\/ornaqua.pt\/#\/schema\/logo\/image\/\",\"url\":\"https:\/\/ornaqua.pt\/wp-content\/uploads\/2023\/10\/logo_ornaqua_200.png\",\"contentUrl\":\"https:\/\/ornaqua.pt\/wp-content\/uploads\/2023\/10\/logo_ornaqua_200.png\",\"width\":200,\"height\":97,\"caption\":\"Ornaqua - Reprodu\u00e7\u00e3o, Importa\u00e7\u00e3o e Comercio de Peixes Ornamentais\"},\"image\":{\"@id\":\"https:\/\/ornaqua.pt\/#\/schema\/logo\/image\/\"},\"sameAs\":[\"https:\/\/www.facebook.com\/ORNAQUA\",\"https:\/\/www.instagram.com\/ornaqua\/\"]}]}<\/script>\n<!-- \/ Yoast SEO plugin. -->","yoast_head_json":{"title":"Discusfood Grand Champion Granulate 1mm -230g bag | Ornaqua","description":"Ra\u00e7\u00e3o premium de 1mm Discusfood Grand Champion, com prote\u00ednas de alta digestibilidade, cereais e vitaminas. Promove cor intensa e crescimento saud\u00e1vel.","robots":{"index":"index","follow":"follow","max-snippet":"max-snippet:-1","max-image-preview":"max-image-preview:large","max-video-preview":"max-video-preview:-1"},"canonical":"https:\/\/ornaqua.pt\/en\/product\/discusfood-grand-champion-granulate-1mm-230g-bag\/","og_locale":"en_GB","og_type":"article","og_title":"Discusfood Grand Champion Granulate 1mm -230g bag | Ornaqua","og_description":"Ra\u00e7\u00e3o premium de 1mm Discusfood Grand Champion, com prote\u00ednas de alta digestibilidade, cereais e vitaminas. Promove cor intensa e crescimento saud\u00e1vel.","og_url":"https:\/\/ornaqua.pt\/en\/product\/discusfood-grand-champion-granulate-1mm-230g-bag\/","og_site_name":"Ornaqua - Reprodu\u00e7\u00e3o, Importa\u00e7\u00e3o e Comercio de Peixes Ornamentais","article_publisher":"https:\/\/www.facebook.com\/ORNAQUA","article_modified_time":"2026-03-27T11:45:18+00:00","og_image":[{"width":600,"height":600,"url":"https:\/\/ornaqua.pt\/wp-content\/uploads\/2023\/05\/600x600-18.jpg","type":"image\/jpeg"}],"twitter_card":"summary_large_image","twitter_misc":{"Estimated reading time":"1 minute"},"schema":{"@context":"https:\/\/schema.org","@graph":[{"@type":"WebPage","@id":"https:\/\/ornaqua.pt\/produto\/discusfood-grand-champion-granulate-1mm-230g-bag\/","url":"https:\/\/ornaqua.pt\/produto\/discusfood-grand-champion-granulate-1mm-230g-bag\/","name":"Discusfood Grand Champion Granulate 1mm -230g bag | Ornaqua","isPartOf":{"@id":"https:\/\/ornaqua.pt\/#website"},"primaryImageOfPage":{"@id":"https:\/\/ornaqua.pt\/produto\/discusfood-grand-champion-granulate-1mm-230g-bag\/#primaryimage"},"image":{"@id":"https:\/\/ornaqua.pt\/produto\/discusfood-grand-champion-granulate-1mm-230g-bag\/#primaryimage"},"thumbnailUrl":"https:\/\/ornaqua.pt\/wp-content\/uploads\/2023\/05\/600x600-18.jpg","datePublished":"2023-05-01T13:00:49+00:00","dateModified":"2026-03-27T11:45:18+00:00","description":"Ra\u00e7\u00e3o premium de 1mm Discusfood Grand Champion, com prote\u00ednas de alta digestibilidade, cereais e vitaminas. Promove cor intensa e crescimento saud\u00e1vel.","breadcrumb":{"@id":"https:\/\/ornaqua.pt\/produto\/discusfood-grand-champion-granulate-1mm-230g-bag\/#breadcrumb"},"inLanguage":"en-GB","potentialAction":[{"@type":"ReadAction","target":["https:\/\/ornaqua.pt\/produto\/discusfood-grand-champion-granulate-1mm-230g-bag\/"]}]},{"@type":"ImageObject","inLanguage":"en-GB","@id":"https:\/\/ornaqua.pt\/produto\/discusfood-grand-champion-granulate-1mm-230g-bag\/#primaryimage","url":"https:\/\/ornaqua.pt\/wp-content\/uploads\/2023\/05\/600x600-18.jpg","contentUrl":"https:\/\/ornaqua.pt\/wp-content\/uploads\/2023\/05\/600x600-18.jpg","width":600,"height":600},{"@type":"BreadcrumbList","@id":"https:\/\/ornaqua.pt\/produto\/discusfood-grand-champion-granulate-1mm-230g-bag\/#breadcrumb","itemListElement":[{"@type":"ListItem","position":1,"name":"In\u00edcio","item":"https:\/\/ornaqua.pt\/"},{"@type":"ListItem","position":2,"name":"Produtos","item":"https:\/\/ornaqua.pt\/produtos\/"},{"@type":"ListItem","position":3,"name":"Discusfood Grand Champion Granulate 1mm -230g bag"}]},{"@type":"WebSite","@id":"https:\/\/ornaqua.pt\/#website","url":"https:\/\/ornaqua.pt\/","name":"Ornaqua - Loja Online","description":"Reprodu\u00e7\u00e3o, Importa\u00e7\u00e3o e Comercio de Peixes Ornamentais","publisher":{"@id":"https:\/\/ornaqua.pt\/#organization"},"potentialAction":[{"@type":"SearchAction","target":{"@type":"EntryPoint","urlTemplate":"https:\/\/ornaqua.pt\/?s={search_term_string}"},"query-input":{"@type":"PropertyValueSpecification","valueRequired":true,"valueName":"search_term_string"}}],"inLanguage":"en-GB"},{"@type":"Organization","@id":"https:\/\/ornaqua.pt\/#organization","name":"Ornaqua - Reprodu\u00e7\u00e3o, Importa\u00e7\u00e3o e Comercio de Peixes Ornamentais","url":"https:\/\/ornaqua.pt\/","logo":{"@type":"ImageObject","inLanguage":"en-GB","@id":"https:\/\/ornaqua.pt\/#\/schema\/logo\/image\/","url":"https:\/\/ornaqua.pt\/wp-content\/uploads\/2023\/10\/logo_ornaqua_200.png","contentUrl":"https:\/\/ornaqua.pt\/wp-content\/uploads\/2023\/10\/logo_ornaqua_200.png","width":200,"height":97,"caption":"Ornaqua - Reprodu\u00e7\u00e3o, Importa\u00e7\u00e3o e Comercio de Peixes Ornamentais"},"image":{"@id":"https:\/\/ornaqua.pt\/#\/schema\/logo\/image\/"},"sameAs":["https:\/\/www.facebook.com\/ORNAQUA","https:\/\/www.instagram.com\/ornaqua\/"]}]}},"_links":{"self":[{"href":"https:\/\/ornaqua.pt\/en\/wp-json\/wp\/v2\/product\/4746","targetHints":{"allow":["GET"]}}],"collection":[{"href":"https:\/\/ornaqua.pt\/en\/wp-json\/wp\/v2\/product"}],"about":[{"href":"https:\/\/ornaqua.pt\/en\/wp-json\/wp\/v2\/types\/product"}],"wp:featuredmedia":[{"embeddable":true,"href":"https:\/\/ornaqua.pt\/en\/wp-json\/wp\/v2\/media\/6829"}],"wp:attachment":[{"href":"https:\/\/ornaqua.pt\/en\/wp-json\/wp\/v2\/media?parent=4746"}],"wp:term":[{"taxonomy":"product_brand","embeddable":true,"href":"https:\/\/ornaqua.pt\/en\/wp-json\/wp\/v2\/product_brand?post=4746"},{"taxonomy":"product_cat","embeddable":true,"href":"https:\/\/ornaqua.pt\/en\/wp-json\/wp\/v2\/product_cat?post=4746"},{"taxonomy":"product_tag","embeddable":true,"href":"https:\/\/ornaqua.pt\/en\/wp-json\/wp\/v2\/product_tag?post=4746"}],"curies":[{"name":"wp","href":"https:\/\/api.w.org\/{rel}","templated":true}]}}