{"id":4738,"date":"2023-05-01T14:00:28","date_gmt":"2023-05-01T13:00:28","guid":{"rendered":"http:\/\/ornaqua.pt\/produto\/discusfood-best-heart-flakes-red-dream-65g\/"},"modified":"2026-03-27T11:45:16","modified_gmt":"2026-03-27T11:45:16","slug":"discusfood-best-heart-flakes-red-dream-65g","status":"publish","type":"product","link":"https:\/\/ornaqua.pt\/en\/product\/discusfood-best-heart-flakes-red-dream-65g\/","title":{"rendered":"Discusfood-Best Heart Flakes Red Dream &#8211; 65g"},"content":{"rendered":"<p>O \u201cBest Heart Flakes Red Dream\u201d\u00e9 composto por vitaminas, minerais, probi\u00f3ticos e o Color Booster Red de alta qualidade e estimula a pigmenta\u00e7\u00e3o vermelha dos discus animais, promovendo uma colora\u00e7\u00e3o intensa. Este floco \u00e9 um alimento complementar, portanto, preste aten\u00e7\u00e3o \u00e0s recomenda\u00e7\u00f5es de alimenta\u00e7\u00e3o indicadas em cada lata.<br \/>\nComposi\u00e7\u00e3o: prote\u00ednas de carne bovina, arroz, krill certificado MSC, prote\u00ednas de insetos, \u00f3leo de salm\u00e3o, alho, farinha de lula, extratos de levedura, espirulina, algas marinhas, prebi\u00f3ticos, amino\u00e1cidos, pigmento de pimenta vermelha.<br \/>\nComponentes anal\u00edticos: prote\u00edna bruta 45,8%, gordura bruta 8,3%, cinza bruta 7,2%, fibra bruta 1,8<br \/>\nAditivos por kg: Vitaminas: A (3a672a) 72000 UI, C (3a300) 13300 mg, D3 (3a671) 2950 UI; com corantes; oligoelementos: Fe (E 1) 80 mg, Mn (3b502) 47 mg, Zn (3b603) 50 mg; com antioxidantes.<br \/>\nRecomenda\u00e7\u00e3o alimentar: Alimenta\u00e7\u00e3o complementar, n\u00e3o alimentar mais de 40% da necessidade di\u00e1ria e n\u00e3o alimente demais!<\/p>","protected":false},"excerpt":{"rendered":"<p>O \u201cBest Heart Flakes Red Dream\u201d\u00e9 composto por vitaminas, minerais, probi\u00f3ticos e o Color Booster Red de alta qualidade e estimula a pigmenta\u00e7\u00e3o vermelha dos discus animais, promovendo uma colora\u00e7\u00e3o intensa. Este floco \u00e9 um alimento complementar, portanto, preste aten\u00e7\u00e3o \u00e0s recomenda\u00e7\u00f5es de alimenta\u00e7\u00e3o indicadas em cada lata. Composi\u00e7\u00e3o: prote\u00ednas de carne bovina, arroz, krill [&hellip;]<\/p>\n","protected":false},"featured_media":6805,"template":"","meta":{"inline_featured_image":false},"product_brand":[],"product_cat":[40],"product_tag":[],"class_list":{"0":"post-4738","1":"product","2":"type-product","3":"status-publish","4":"has-post-thumbnail","6":"product_cat-alimentacao","8":"first","9":"instock","10":"taxable","11":"shipping-taxable","12":"purchasable","13":"product-type-simple"},"yoast_head":"<!-- This site is optimized with the Yoast SEO plugin v27.1.1 - https:\/\/yoast.com\/product\/yoast-seo-wordpress\/ -->\n<title>Discusfood-Best Heart Flakes Red Dream - 65g - Ornaqua - Reprodu\u00e7\u00e3o, Importa\u00e7\u00e3o e Comercio de Peixes Ornamentais<\/title>\n<meta name=\"robots\" content=\"index, follow, max-snippet:-1, max-image-preview:large, max-video-preview:-1\" \/>\n<link rel=\"canonical\" href=\"https:\/\/ornaqua.pt\/en\/product\/discusfood-best-heart-flakes-red-dream-65g\/\" \/>\n<meta property=\"og:locale\" content=\"en_GB\" \/>\n<meta property=\"og:type\" content=\"article\" \/>\n<meta property=\"og:title\" content=\"Discusfood-Best Heart Flakes Red Dream - 65g - Ornaqua - Reprodu\u00e7\u00e3o, Importa\u00e7\u00e3o e Comercio de Peixes Ornamentais\" \/>\n<meta property=\"og:description\" content=\"O \u201cBest Heart Flakes Red Dream\u201d\u00e9 composto por vitaminas, minerais, probi\u00f3ticos e o Color Booster Red de alta qualidade e estimula a pigmenta\u00e7\u00e3o vermelha dos discus animais, promovendo uma colora\u00e7\u00e3o intensa. Este floco \u00e9 um alimento complementar, portanto, preste aten\u00e7\u00e3o \u00e0s recomenda\u00e7\u00f5es de alimenta\u00e7\u00e3o indicadas em cada lata. Composi\u00e7\u00e3o: prote\u00ednas de carne bovina, arroz, krill [&hellip;]\" \/>\n<meta property=\"og:url\" content=\"https:\/\/ornaqua.pt\/en\/product\/discusfood-best-heart-flakes-red-dream-65g\/\" \/>\n<meta property=\"og:site_name\" content=\"Ornaqua - Reprodu\u00e7\u00e3o, Importa\u00e7\u00e3o e Comercio de Peixes Ornamentais\" \/>\n<meta property=\"article:publisher\" content=\"https:\/\/www.facebook.com\/ORNAQUA\" \/>\n<meta property=\"article:modified_time\" content=\"2026-03-27T11:45:16+00:00\" \/>\n<meta property=\"og:image\" content=\"https:\/\/ornaqua.pt\/wp-content\/uploads\/2023\/05\/600x600-4.jpg\" \/>\n\t<meta property=\"og:image:width\" content=\"600\" \/>\n\t<meta property=\"og:image:height\" content=\"600\" \/>\n\t<meta property=\"og:image:type\" content=\"image\/jpeg\" \/>\n<meta name=\"twitter:card\" content=\"summary_large_image\" \/>\n<meta name=\"twitter:label1\" content=\"Estimated reading time\" \/>\n\t<meta name=\"twitter:data1\" content=\"1 minute\" \/>\n<script type=\"application\/ld+json\" class=\"yoast-schema-graph\">{\"@context\":\"https:\/\/schema.org\",\"@graph\":[{\"@type\":\"WebPage\",\"@id\":\"https:\/\/ornaqua.pt\/produto\/discusfood-best-heart-flakes-red-dream-65g\/\",\"url\":\"https:\/\/ornaqua.pt\/produto\/discusfood-best-heart-flakes-red-dream-65g\/\",\"name\":\"Discusfood-Best Heart Flakes Red Dream - 65g - Ornaqua - Reprodu\u00e7\u00e3o, Importa\u00e7\u00e3o e Comercio de Peixes Ornamentais\",\"isPartOf\":{\"@id\":\"https:\/\/ornaqua.pt\/#website\"},\"primaryImageOfPage\":{\"@id\":\"https:\/\/ornaqua.pt\/produto\/discusfood-best-heart-flakes-red-dream-65g\/#primaryimage\"},\"image\":{\"@id\":\"https:\/\/ornaqua.pt\/produto\/discusfood-best-heart-flakes-red-dream-65g\/#primaryimage\"},\"thumbnailUrl\":\"https:\/\/ornaqua.pt\/wp-content\/uploads\/2023\/05\/600x600-4.jpg\",\"datePublished\":\"2023-05-01T13:00:28+00:00\",\"dateModified\":\"2026-03-27T11:45:16+00:00\",\"breadcrumb\":{\"@id\":\"https:\/\/ornaqua.pt\/produto\/discusfood-best-heart-flakes-red-dream-65g\/#breadcrumb\"},\"inLanguage\":\"en-GB\",\"potentialAction\":[{\"@type\":\"ReadAction\",\"target\":[\"https:\/\/ornaqua.pt\/produto\/discusfood-best-heart-flakes-red-dream-65g\/\"]}]},{\"@type\":\"ImageObject\",\"inLanguage\":\"en-GB\",\"@id\":\"https:\/\/ornaqua.pt\/produto\/discusfood-best-heart-flakes-red-dream-65g\/#primaryimage\",\"url\":\"https:\/\/ornaqua.pt\/wp-content\/uploads\/2023\/05\/600x600-4.jpg\",\"contentUrl\":\"https:\/\/ornaqua.pt\/wp-content\/uploads\/2023\/05\/600x600-4.jpg\",\"width\":600,\"height\":600},{\"@type\":\"BreadcrumbList\",\"@id\":\"https:\/\/ornaqua.pt\/produto\/discusfood-best-heart-flakes-red-dream-65g\/#breadcrumb\",\"itemListElement\":[{\"@type\":\"ListItem\",\"position\":1,\"name\":\"In\u00edcio\",\"item\":\"https:\/\/ornaqua.pt\/\"},{\"@type\":\"ListItem\",\"position\":2,\"name\":\"Produtos\",\"item\":\"https:\/\/ornaqua.pt\/produtos\/\"},{\"@type\":\"ListItem\",\"position\":3,\"name\":\"Discusfood-Best Heart Flakes Red Dream &#8211; 65g\"}]},{\"@type\":\"WebSite\",\"@id\":\"https:\/\/ornaqua.pt\/#website\",\"url\":\"https:\/\/ornaqua.pt\/\",\"name\":\"Ornaqua - Loja Online\",\"description\":\"Reprodu\u00e7\u00e3o, Importa\u00e7\u00e3o e Comercio de Peixes Ornamentais\",\"publisher\":{\"@id\":\"https:\/\/ornaqua.pt\/#organization\"},\"potentialAction\":[{\"@type\":\"SearchAction\",\"target\":{\"@type\":\"EntryPoint\",\"urlTemplate\":\"https:\/\/ornaqua.pt\/?s={search_term_string}\"},\"query-input\":{\"@type\":\"PropertyValueSpecification\",\"valueRequired\":true,\"valueName\":\"search_term_string\"}}],\"inLanguage\":\"en-GB\"},{\"@type\":\"Organization\",\"@id\":\"https:\/\/ornaqua.pt\/#organization\",\"name\":\"Ornaqua - Reprodu\u00e7\u00e3o, Importa\u00e7\u00e3o e Comercio de Peixes Ornamentais\",\"url\":\"https:\/\/ornaqua.pt\/\",\"logo\":{\"@type\":\"ImageObject\",\"inLanguage\":\"en-GB\",\"@id\":\"https:\/\/ornaqua.pt\/#\/schema\/logo\/image\/\",\"url\":\"https:\/\/ornaqua.pt\/wp-content\/uploads\/2023\/10\/logo_ornaqua_200.png\",\"contentUrl\":\"https:\/\/ornaqua.pt\/wp-content\/uploads\/2023\/10\/logo_ornaqua_200.png\",\"width\":200,\"height\":97,\"caption\":\"Ornaqua - Reprodu\u00e7\u00e3o, Importa\u00e7\u00e3o e Comercio de Peixes Ornamentais\"},\"image\":{\"@id\":\"https:\/\/ornaqua.pt\/#\/schema\/logo\/image\/\"},\"sameAs\":[\"https:\/\/www.facebook.com\/ORNAQUA\",\"https:\/\/www.instagram.com\/ornaqua\/\"]}]}<\/script>\n<!-- \/ Yoast SEO plugin. -->","yoast_head_json":{"title":"Discusfood-Best Heart Flakes Red Dream - 65g - Ornaqua - Reprodu\u00e7\u00e3o, Importa\u00e7\u00e3o e Comercio de Peixes Ornamentais","robots":{"index":"index","follow":"follow","max-snippet":"max-snippet:-1","max-image-preview":"max-image-preview:large","max-video-preview":"max-video-preview:-1"},"canonical":"https:\/\/ornaqua.pt\/en\/product\/discusfood-best-heart-flakes-red-dream-65g\/","og_locale":"en_GB","og_type":"article","og_title":"Discusfood-Best Heart Flakes Red Dream - 65g - Ornaqua - Reprodu\u00e7\u00e3o, Importa\u00e7\u00e3o e Comercio de Peixes Ornamentais","og_description":"O \u201cBest Heart Flakes Red Dream\u201d\u00e9 composto por vitaminas, minerais, probi\u00f3ticos e o Color Booster Red de alta qualidade e estimula a pigmenta\u00e7\u00e3o vermelha dos discus animais, promovendo uma colora\u00e7\u00e3o intensa. Este floco \u00e9 um alimento complementar, portanto, preste aten\u00e7\u00e3o \u00e0s recomenda\u00e7\u00f5es de alimenta\u00e7\u00e3o indicadas em cada lata. Composi\u00e7\u00e3o: prote\u00ednas de carne bovina, arroz, krill [&hellip;]","og_url":"https:\/\/ornaqua.pt\/en\/product\/discusfood-best-heart-flakes-red-dream-65g\/","og_site_name":"Ornaqua - Reprodu\u00e7\u00e3o, Importa\u00e7\u00e3o e Comercio de Peixes Ornamentais","article_publisher":"https:\/\/www.facebook.com\/ORNAQUA","article_modified_time":"2026-03-27T11:45:16+00:00","og_image":[{"width":600,"height":600,"url":"https:\/\/ornaqua.pt\/wp-content\/uploads\/2023\/05\/600x600-4.jpg","type":"image\/jpeg"}],"twitter_card":"summary_large_image","twitter_misc":{"Estimated reading time":"1 minute"},"schema":{"@context":"https:\/\/schema.org","@graph":[{"@type":"WebPage","@id":"https:\/\/ornaqua.pt\/produto\/discusfood-best-heart-flakes-red-dream-65g\/","url":"https:\/\/ornaqua.pt\/produto\/discusfood-best-heart-flakes-red-dream-65g\/","name":"Discusfood-Best Heart Flakes Red Dream - 65g - Ornaqua - Reprodu\u00e7\u00e3o, Importa\u00e7\u00e3o e Comercio de Peixes Ornamentais","isPartOf":{"@id":"https:\/\/ornaqua.pt\/#website"},"primaryImageOfPage":{"@id":"https:\/\/ornaqua.pt\/produto\/discusfood-best-heart-flakes-red-dream-65g\/#primaryimage"},"image":{"@id":"https:\/\/ornaqua.pt\/produto\/discusfood-best-heart-flakes-red-dream-65g\/#primaryimage"},"thumbnailUrl":"https:\/\/ornaqua.pt\/wp-content\/uploads\/2023\/05\/600x600-4.jpg","datePublished":"2023-05-01T13:00:28+00:00","dateModified":"2026-03-27T11:45:16+00:00","breadcrumb":{"@id":"https:\/\/ornaqua.pt\/produto\/discusfood-best-heart-flakes-red-dream-65g\/#breadcrumb"},"inLanguage":"en-GB","potentialAction":[{"@type":"ReadAction","target":["https:\/\/ornaqua.pt\/produto\/discusfood-best-heart-flakes-red-dream-65g\/"]}]},{"@type":"ImageObject","inLanguage":"en-GB","@id":"https:\/\/ornaqua.pt\/produto\/discusfood-best-heart-flakes-red-dream-65g\/#primaryimage","url":"https:\/\/ornaqua.pt\/wp-content\/uploads\/2023\/05\/600x600-4.jpg","contentUrl":"https:\/\/ornaqua.pt\/wp-content\/uploads\/2023\/05\/600x600-4.jpg","width":600,"height":600},{"@type":"BreadcrumbList","@id":"https:\/\/ornaqua.pt\/produto\/discusfood-best-heart-flakes-red-dream-65g\/#breadcrumb","itemListElement":[{"@type":"ListItem","position":1,"name":"In\u00edcio","item":"https:\/\/ornaqua.pt\/"},{"@type":"ListItem","position":2,"name":"Produtos","item":"https:\/\/ornaqua.pt\/produtos\/"},{"@type":"ListItem","position":3,"name":"Discusfood-Best Heart Flakes Red Dream &#8211; 65g"}]},{"@type":"WebSite","@id":"https:\/\/ornaqua.pt\/#website","url":"https:\/\/ornaqua.pt\/","name":"Ornaqua - Loja Online","description":"Reprodu\u00e7\u00e3o, Importa\u00e7\u00e3o e Comercio de Peixes Ornamentais","publisher":{"@id":"https:\/\/ornaqua.pt\/#organization"},"potentialAction":[{"@type":"SearchAction","target":{"@type":"EntryPoint","urlTemplate":"https:\/\/ornaqua.pt\/?s={search_term_string}"},"query-input":{"@type":"PropertyValueSpecification","valueRequired":true,"valueName":"search_term_string"}}],"inLanguage":"en-GB"},{"@type":"Organization","@id":"https:\/\/ornaqua.pt\/#organization","name":"Ornaqua - Reprodu\u00e7\u00e3o, Importa\u00e7\u00e3o e Comercio de Peixes Ornamentais","url":"https:\/\/ornaqua.pt\/","logo":{"@type":"ImageObject","inLanguage":"en-GB","@id":"https:\/\/ornaqua.pt\/#\/schema\/logo\/image\/","url":"https:\/\/ornaqua.pt\/wp-content\/uploads\/2023\/10\/logo_ornaqua_200.png","contentUrl":"https:\/\/ornaqua.pt\/wp-content\/uploads\/2023\/10\/logo_ornaqua_200.png","width":200,"height":97,"caption":"Ornaqua - Reprodu\u00e7\u00e3o, Importa\u00e7\u00e3o e Comercio de Peixes Ornamentais"},"image":{"@id":"https:\/\/ornaqua.pt\/#\/schema\/logo\/image\/"},"sameAs":["https:\/\/www.facebook.com\/ORNAQUA","https:\/\/www.instagram.com\/ornaqua\/"]}]}},"_links":{"self":[{"href":"https:\/\/ornaqua.pt\/en\/wp-json\/wp\/v2\/product\/4738","targetHints":{"allow":["GET"]}}],"collection":[{"href":"https:\/\/ornaqua.pt\/en\/wp-json\/wp\/v2\/product"}],"about":[{"href":"https:\/\/ornaqua.pt\/en\/wp-json\/wp\/v2\/types\/product"}],"wp:featuredmedia":[{"embeddable":true,"href":"https:\/\/ornaqua.pt\/en\/wp-json\/wp\/v2\/media\/6805"}],"wp:attachment":[{"href":"https:\/\/ornaqua.pt\/en\/wp-json\/wp\/v2\/media?parent=4738"}],"wp:term":[{"taxonomy":"product_brand","embeddable":true,"href":"https:\/\/ornaqua.pt\/en\/wp-json\/wp\/v2\/product_brand?post=4738"},{"taxonomy":"product_cat","embeddable":true,"href":"https:\/\/ornaqua.pt\/en\/wp-json\/wp\/v2\/product_cat?post=4738"},{"taxonomy":"product_tag","embeddable":true,"href":"https:\/\/ornaqua.pt\/en\/wp-json\/wp\/v2\/product_tag?post=4738"}],"curies":[{"name":"wp","href":"https:\/\/api.w.org\/{rel}","templated":true}]}}