{"id":6223,"date":"2025-02-26T21:55:33","date_gmt":"2025-02-26T21:55:33","guid":{"rendered":"https:\/\/ornaqua.pt\/?page_id=6223"},"modified":"2025-02-26T22:23:09","modified_gmt":"2025-02-26T22:23:09","slug":"acompanhar-encomenda","status":"publish","type":"page","link":"https:\/\/ornaqua.pt\/en\/acompanhar-encomenda\/","title":{"rendered":"Track your Order"},"content":{"rendered":"<div data-elementor-type=\"wp-page\" data-elementor-id=\"6223\" class=\"elementor elementor-6223\">\n\t\t\t\t\t\t<section class=\"elementor-section elementor-top-section elementor-element elementor-element-330be83 elementor-section-boxed elementor-section-height-default elementor-section-height-default\" data-id=\"330be83\" data-element_type=\"section\" data-e-type=\"section\">\r\n\t\t\r\n\t\t\t\t\t\t\t<div class=\"elementor-container elementor-column-gap-default\">\r\n\t\t\t\t\t\t\t\t\t\t\t<div class=\"elementor-column elementor-col-33 elementor-top-column elementor-element elementor-element-ea0af3e\" data-id=\"ea0af3e\" data-element_type=\"column\" data-e-type=\"column\">\r\n\t\t\t\t\t<div class=\"elementor-widget-wrap elementor-element-populated\">\r\n\t\t\t\t\t\t\t\t<div class=\"elementor-element elementor-element-6a6df50 elementor-widget elementor-widget-image\" data-id=\"6a6df50\" data-element_type=\"widget\" data-e-type=\"widget\" data-widget_type=\"image.default\">\n\t\t\t\t<div class=\"elementor-widget-container\">\n\t\t\t\t\t\t\t\t\t\t\t\t\t\t\t\t<a href=\"https:\/\/www.nacex.es\/irHome.do\" target=\"_blank\">\n\t\t\t\t\t\t\t<img decoding=\"async\" width=\"200\" height=\"200\" src=\"https:\/\/ornaqua.pt\/wp-content\/uploads\/2025\/02\/nacex.jpg\" class=\"attachment-large size-large wp-image-6227\" alt=\"\" \/>\t\t\t\t\t\t\t\t<\/a>\n\t\t\t\t\t\t\t\t\t\t\t\t\t\t\t<\/div>\n\t\t\t\t<\/div>\n\t\t\t\t\t<\/div>\r\n\t\t\t\t<\/div>\r\n\t\t\t\t<div class=\"elementor-column elementor-col-33 elementor-top-column elementor-element elementor-element-6ae3409\" data-id=\"6ae3409\" data-element_type=\"column\" data-e-type=\"column\">\r\n\t\t\t\t\t<div class=\"elementor-widget-wrap elementor-element-populated\">\r\n\t\t\t\t\t\t\t\t<div class=\"elementor-element elementor-element-1b774c6 elementor-widget elementor-widget-image\" data-id=\"1b774c6\" data-element_type=\"widget\" data-e-type=\"widget\" data-widget_type=\"image.default\">\n\t\t\t\t<div class=\"elementor-widget-container\">\n\t\t\t\t\t\t\t\t\t\t\t\t\t\t\t\t<a href=\"https:\/\/www.mrw.pt\/seguimiento\/\" target=\"_blank\">\n\t\t\t\t\t\t\t<img decoding=\"async\" width=\"200\" height=\"200\" src=\"https:\/\/ornaqua.pt\/wp-content\/uploads\/2025\/02\/mrw.jpg\" class=\"attachment-large size-large wp-image-6226\" alt=\"\" \/>\t\t\t\t\t\t\t\t<\/a>\n\t\t\t\t\t\t\t\t\t\t\t\t\t\t\t<\/div>\n\t\t\t\t<\/div>\n\t\t\t\t\t<\/div>\r\n\t\t\t\t<\/div>\r\n\t\t\t\t<div class=\"elementor-column elementor-col-33 elementor-top-column elementor-element elementor-element-3fbc9b8\" data-id=\"3fbc9b8\" data-element_type=\"column\" data-e-type=\"column\">\r\n\t\t\t\t\t<div class=\"elementor-widget-wrap elementor-element-populated\">\r\n\t\t\t\t\t\t\t\t<div class=\"elementor-element elementor-element-084a58e elementor-widget elementor-widget-image\" data-id=\"084a58e\" data-element_type=\"widget\" data-e-type=\"widget\" data-widget_type=\"image.default\">\n\t\t\t\t<div class=\"elementor-widget-container\">\n\t\t\t\t\t\t\t\t\t\t\t\t\t\t\t\t<a href=\"https:\/\/www.ups.com\/track?loc=pt_PT&#038;requester=ST\/\" target=\"_blank\">\n\t\t\t\t\t\t\t<img decoding=\"async\" width=\"200\" height=\"200\" src=\"https:\/\/ornaqua.pt\/wp-content\/uploads\/2025\/02\/ups.jpg\" class=\"attachment-large size-large wp-image-6228\" alt=\"\" \/>\t\t\t\t\t\t\t\t<\/a>\n\t\t\t\t\t\t\t\t\t\t\t\t\t\t\t<\/div>\n\t\t\t\t<\/div>\n\t\t\t\t\t<\/div>\r\n\t\t\t\t<\/div>\r\n\t\t\t\t\t<\/div>\r\n\t\t\t\t<\/section>\r\n\t\t\t\t<\/div>","protected":false},"excerpt":{"rendered":"","protected":false},"author":1,"featured_media":0,"parent":0,"menu_order":0,"comment_status":"closed","ping_status":"closed","template":"","meta":{"inline_featured_image":false,"footnotes":""},"class_list":["post-6223","page","type-page","status-publish","hentry"],"yoast_head":"<!-- This site is optimized with the Yoast SEO plugin v27.1.1 - https:\/\/yoast.com\/product\/yoast-seo-wordpress\/ -->\n<title>Acompanhe a sua Encomenda - Ornaqua - Reprodu\u00e7\u00e3o, Importa\u00e7\u00e3o e Comercio de Peixes Ornamentais<\/title>\n<meta name=\"robots\" content=\"index, follow, max-snippet:-1, max-image-preview:large, max-video-preview:-1\" \/>\n<link rel=\"canonical\" href=\"https:\/\/ornaqua.pt\/en\/acompanhar-encomenda\/\" \/>\n<meta property=\"og:locale\" content=\"en_GB\" \/>\n<meta property=\"og:type\" content=\"article\" \/>\n<meta property=\"og:title\" content=\"Acompanhe a sua Encomenda - Ornaqua - Reprodu\u00e7\u00e3o, Importa\u00e7\u00e3o e Comercio de Peixes Ornamentais\" \/>\n<meta property=\"og:url\" content=\"https:\/\/ornaqua.pt\/en\/acompanhar-encomenda\/\" \/>\n<meta property=\"og:site_name\" content=\"Ornaqua - Reprodu\u00e7\u00e3o, Importa\u00e7\u00e3o e Comercio de Peixes Ornamentais\" \/>\n<meta property=\"article:publisher\" content=\"https:\/\/www.facebook.com\/ORNAQUA\" \/>\n<meta property=\"article:modified_time\" content=\"2025-02-26T22:23:09+00:00\" \/>\n<meta property=\"og:image\" content=\"https:\/\/ornaqua.pt\/wp-content\/uploads\/2025\/02\/nacex.jpg\" \/>\n<meta name=\"twitter:card\" content=\"summary_large_image\" \/>\n<meta name=\"twitter:label1\" content=\"Estimated reading time\" \/>\n\t<meta name=\"twitter:data1\" content=\"1 minute\" \/>\n<script type=\"application\/ld+json\" class=\"yoast-schema-graph\">{\"@context\":\"https:\/\/schema.org\",\"@graph\":[{\"@type\":\"WebPage\",\"@id\":\"https:\/\/ornaqua.pt\/acompanhar-encomenda\/\",\"url\":\"https:\/\/ornaqua.pt\/acompanhar-encomenda\/\",\"name\":\"Acompanhe a sua Encomenda - Ornaqua - Reprodu\u00e7\u00e3o, Importa\u00e7\u00e3o e Comercio de Peixes Ornamentais\",\"isPartOf\":{\"@id\":\"https:\/\/ornaqua.pt\/#website\"},\"primaryImageOfPage\":{\"@id\":\"https:\/\/ornaqua.pt\/acompanhar-encomenda\/#primaryimage\"},\"image\":{\"@id\":\"https:\/\/ornaqua.pt\/acompanhar-encomenda\/#primaryimage\"},\"thumbnailUrl\":\"https:\/\/ornaqua.pt\/wp-content\/uploads\/2025\/02\/nacex.jpg\",\"datePublished\":\"2025-02-26T21:55:33+00:00\",\"dateModified\":\"2025-02-26T22:23:09+00:00\",\"breadcrumb\":{\"@id\":\"https:\/\/ornaqua.pt\/acompanhar-encomenda\/#breadcrumb\"},\"inLanguage\":\"en-GB\",\"potentialAction\":[{\"@type\":\"ReadAction\",\"target\":[\"https:\/\/ornaqua.pt\/acompanhar-encomenda\/\"]}]},{\"@type\":\"ImageObject\",\"inLanguage\":\"en-GB\",\"@id\":\"https:\/\/ornaqua.pt\/acompanhar-encomenda\/#primaryimage\",\"url\":\"https:\/\/ornaqua.pt\/wp-content\/uploads\/2025\/02\/nacex.jpg\",\"contentUrl\":\"https:\/\/ornaqua.pt\/wp-content\/uploads\/2025\/02\/nacex.jpg\"},{\"@type\":\"BreadcrumbList\",\"@id\":\"https:\/\/ornaqua.pt\/acompanhar-encomenda\/#breadcrumb\",\"itemListElement\":[{\"@type\":\"ListItem\",\"position\":1,\"name\":\"In\u00edcio\",\"item\":\"https:\/\/ornaqua.pt\/\"},{\"@type\":\"ListItem\",\"position\":2,\"name\":\"Acompanhe a sua Encomenda\"}]},{\"@type\":\"WebSite\",\"@id\":\"https:\/\/ornaqua.pt\/#website\",\"url\":\"https:\/\/ornaqua.pt\/\",\"name\":\"Ornaqua - Loja Online\",\"description\":\"Reprodu\u00e7\u00e3o, Importa\u00e7\u00e3o e Comercio de Peixes Ornamentais\",\"publisher\":{\"@id\":\"https:\/\/ornaqua.pt\/#organization\"},\"potentialAction\":[{\"@type\":\"SearchAction\",\"target\":{\"@type\":\"EntryPoint\",\"urlTemplate\":\"https:\/\/ornaqua.pt\/?s={search_term_string}\"},\"query-input\":{\"@type\":\"PropertyValueSpecification\",\"valueRequired\":true,\"valueName\":\"search_term_string\"}}],\"inLanguage\":\"en-GB\"},{\"@type\":\"Organization\",\"@id\":\"https:\/\/ornaqua.pt\/#organization\",\"name\":\"Ornaqua - Reprodu\u00e7\u00e3o, Importa\u00e7\u00e3o e Comercio de Peixes Ornamentais\",\"url\":\"https:\/\/ornaqua.pt\/\",\"logo\":{\"@type\":\"ImageObject\",\"inLanguage\":\"en-GB\",\"@id\":\"https:\/\/ornaqua.pt\/#\/schema\/logo\/image\/\",\"url\":\"https:\/\/ornaqua.pt\/wp-content\/uploads\/2023\/10\/logo_ornaqua_200.png\",\"contentUrl\":\"https:\/\/ornaqua.pt\/wp-content\/uploads\/2023\/10\/logo_ornaqua_200.png\",\"width\":200,\"height\":97,\"caption\":\"Ornaqua - Reprodu\u00e7\u00e3o, Importa\u00e7\u00e3o e Comercio de Peixes Ornamentais\"},\"image\":{\"@id\":\"https:\/\/ornaqua.pt\/#\/schema\/logo\/image\/\"},\"sameAs\":[\"https:\/\/www.facebook.com\/ORNAQUA\",\"https:\/\/www.instagram.com\/ornaqua\/\"]}]}<\/script>\n<!-- \/ Yoast SEO plugin. -->","yoast_head_json":{"title":"Acompanhe a sua Encomenda - Ornaqua - Reprodu\u00e7\u00e3o, Importa\u00e7\u00e3o e Comercio de Peixes Ornamentais","robots":{"index":"index","follow":"follow","max-snippet":"max-snippet:-1","max-image-preview":"max-image-preview:large","max-video-preview":"max-video-preview:-1"},"canonical":"https:\/\/ornaqua.pt\/en\/acompanhar-encomenda\/","og_locale":"en_GB","og_type":"article","og_title":"Acompanhe a sua Encomenda - Ornaqua - Reprodu\u00e7\u00e3o, Importa\u00e7\u00e3o e Comercio de Peixes Ornamentais","og_url":"https:\/\/ornaqua.pt\/en\/acompanhar-encomenda\/","og_site_name":"Ornaqua - Reprodu\u00e7\u00e3o, Importa\u00e7\u00e3o e Comercio de Peixes Ornamentais","article_publisher":"https:\/\/www.facebook.com\/ORNAQUA","article_modified_time":"2025-02-26T22:23:09+00:00","og_image":[{"url":"https:\/\/ornaqua.pt\/wp-content\/uploads\/2025\/02\/nacex.jpg","type":"","width":"","height":""}],"twitter_card":"summary_large_image","twitter_misc":{"Estimated reading time":"1 minute"},"schema":{"@context":"https:\/\/schema.org","@graph":[{"@type":"WebPage","@id":"https:\/\/ornaqua.pt\/acompanhar-encomenda\/","url":"https:\/\/ornaqua.pt\/acompanhar-encomenda\/","name":"Acompanhe a sua Encomenda - Ornaqua - Reprodu\u00e7\u00e3o, Importa\u00e7\u00e3o e Comercio de Peixes Ornamentais","isPartOf":{"@id":"https:\/\/ornaqua.pt\/#website"},"primaryImageOfPage":{"@id":"https:\/\/ornaqua.pt\/acompanhar-encomenda\/#primaryimage"},"image":{"@id":"https:\/\/ornaqua.pt\/acompanhar-encomenda\/#primaryimage"},"thumbnailUrl":"https:\/\/ornaqua.pt\/wp-content\/uploads\/2025\/02\/nacex.jpg","datePublished":"2025-02-26T21:55:33+00:00","dateModified":"2025-02-26T22:23:09+00:00","breadcrumb":{"@id":"https:\/\/ornaqua.pt\/acompanhar-encomenda\/#breadcrumb"},"inLanguage":"en-GB","potentialAction":[{"@type":"ReadAction","target":["https:\/\/ornaqua.pt\/acompanhar-encomenda\/"]}]},{"@type":"ImageObject","inLanguage":"en-GB","@id":"https:\/\/ornaqua.pt\/acompanhar-encomenda\/#primaryimage","url":"https:\/\/ornaqua.pt\/wp-content\/uploads\/2025\/02\/nacex.jpg","contentUrl":"https:\/\/ornaqua.pt\/wp-content\/uploads\/2025\/02\/nacex.jpg"},{"@type":"BreadcrumbList","@id":"https:\/\/ornaqua.pt\/acompanhar-encomenda\/#breadcrumb","itemListElement":[{"@type":"ListItem","position":1,"name":"In\u00edcio","item":"https:\/\/ornaqua.pt\/"},{"@type":"ListItem","position":2,"name":"Acompanhe a sua Encomenda"}]},{"@type":"WebSite","@id":"https:\/\/ornaqua.pt\/#website","url":"https:\/\/ornaqua.pt\/","name":"Ornaqua - Loja Online","description":"Reprodu\u00e7\u00e3o, Importa\u00e7\u00e3o e Comercio de Peixes Ornamentais","publisher":{"@id":"https:\/\/ornaqua.pt\/#organization"},"potentialAction":[{"@type":"SearchAction","target":{"@type":"EntryPoint","urlTemplate":"https:\/\/ornaqua.pt\/?s={search_term_string}"},"query-input":{"@type":"PropertyValueSpecification","valueRequired":true,"valueName":"search_term_string"}}],"inLanguage":"en-GB"},{"@type":"Organization","@id":"https:\/\/ornaqua.pt\/#organization","name":"Ornaqua - Reprodu\u00e7\u00e3o, Importa\u00e7\u00e3o e Comercio de Peixes Ornamentais","url":"https:\/\/ornaqua.pt\/","logo":{"@type":"ImageObject","inLanguage":"en-GB","@id":"https:\/\/ornaqua.pt\/#\/schema\/logo\/image\/","url":"https:\/\/ornaqua.pt\/wp-content\/uploads\/2023\/10\/logo_ornaqua_200.png","contentUrl":"https:\/\/ornaqua.pt\/wp-content\/uploads\/2023\/10\/logo_ornaqua_200.png","width":200,"height":97,"caption":"Ornaqua - Reprodu\u00e7\u00e3o, Importa\u00e7\u00e3o e Comercio de Peixes Ornamentais"},"image":{"@id":"https:\/\/ornaqua.pt\/#\/schema\/logo\/image\/"},"sameAs":["https:\/\/www.facebook.com\/ORNAQUA","https:\/\/www.instagram.com\/ornaqua\/"]}]}},"_links":{"self":[{"href":"https:\/\/ornaqua.pt\/en\/wp-json\/wp\/v2\/pages\/6223","targetHints":{"allow":["GET"]}}],"collection":[{"href":"https:\/\/ornaqua.pt\/en\/wp-json\/wp\/v2\/pages"}],"about":[{"href":"https:\/\/ornaqua.pt\/en\/wp-json\/wp\/v2\/types\/page"}],"author":[{"embeddable":true,"href":"https:\/\/ornaqua.pt\/en\/wp-json\/wp\/v2\/users\/1"}],"replies":[{"embeddable":true,"href":"https:\/\/ornaqua.pt\/en\/wp-json\/wp\/v2\/comments?post=6223"}],"version-history":[{"count":47,"href":"https:\/\/ornaqua.pt\/en\/wp-json\/wp\/v2\/pages\/6223\/revisions"}],"predecessor-version":[{"id":6274,"href":"https:\/\/ornaqua.pt\/en\/wp-json\/wp\/v2\/pages\/6223\/revisions\/6274"}],"wp:attachment":[{"href":"https:\/\/ornaqua.pt\/en\/wp-json\/wp\/v2\/media?parent=6223"}],"curies":[{"name":"wp","href":"https:\/\/api.w.org\/{rel}","templated":true}]}}