{"id":5727,"date":"2023-12-06T11:28:14","date_gmt":"2023-12-06T11:28:14","guid":{"rendered":"http:\/\/ornaqua.pt\/?page_id=5727"},"modified":"2024-11-18T20:50:36","modified_gmt":"2024-11-18T20:50:36","slug":"politica-de-envios-e-devolucoes","status":"publish","type":"page","link":"https:\/\/ornaqua.pt\/en\/politica-de-envios-e-devolucoes\/","title":{"rendered":"Shipping and Returns"},"content":{"rendered":"<p><\/p>\n\n\n\n<p><br><strong>Levantamento em loja<\/strong> (Ornaqua- Avenida das escolas n\u00ba3 R\/C; 4540-103 Arouca);<\/p>\n\n\n\n<p><br><strong>Entrega ao domic\u00edlio<\/strong><br>A entrega ao domic\u00edlio em Portugal e Espanha \u00e9 realizada atrav\u00e9s das transportadoras NACEX e MRW, num prazo de 24 horas para vivos e 24 a 48 horas para produtos n\u00e3o urgentes ap\u00f3s envio, mediante fornecimento correto dos dados pelo cliente. <br><\/p>\n\n\n\n<p>Para outros pa\u00edses ( Alemanha, \u00c1ustria, B\u00e9lgica, Bulg\u00e1ria, Chipre, Cro\u00e1cia, Dinamarca, Fran\u00e7a, Eslov\u00e9nia, Est\u00f3nia, Finl\u00e2ndia, Gr\u00e9cia, Hungria, It\u00e1lia, Litu\u00e2nia, Luxemburgo, M\u00f3naco, Pa\u00edses Baixos, Su\u00e9cia) utilizamos a transportadora UPS , num prazo de 24 horas para vivos e 24 a 72 horas para produtos n\u00e3o urgentes ap\u00f3s envio, mediante fornecimento correto dos dados pelo cliente.<\/p>\n\n\n\n<p><strong><br>Devolu\u00e7\u00f5es:<\/strong><br>-Produtos\/vivos: No caso da embalagem chegar danificada ou os peixes n\u00e3o chegarem conforme acordado, pedimos que filmem e fa\u00e7am o registo fotogr\u00e1fico (com os peixes dentro do saco) e nos fa\u00e7am chegar por email (ornaqua.pt@gmail.com) ou por Whatsapp (00351914465328), at\u00e9 ao final do dia da rece\u00e7\u00e3o da encomenda para podermos verificar a situa\u00e7\u00e3o e resolver da melhor forma para ambas as partes.<\/p>\n\n\n\n<p><br><strong>Notas:<\/strong><br>&#8211; N\u00e3o existe uma quantidade m\u00ednima para envio;<br>&#8211; O envio de vivos e\/ou congelados \u00e9 feito de segunda-feira a quarta-feira, com a exce\u00e7\u00e3o de feriados; O envio dos restantes produtos \u00e9 feito todos os dias \u00fateis;<br>&#8211; Junto com o envio dos vivos, tem um documento que explica quais os procedimentos de adapta\u00e7\u00e3o dos peixes ao vosso meio aqu\u00e1tico, que pedimos que o leiam com aten\u00e7\u00e3o e cumpram os passos;<br>&#8211; Pedimos que sempre que a encomenda vos chegue em m\u00e3os, que nos deem o vosso feedback, de modo a podermos melhorar nos pr\u00f3ximos envios;<br>&#8211; Lembre-se do meio ambiente e reutilize ou recicle todos os materiais utilizados nos envios.<\/p>\n\n\n\n<p><strong>Chegada e aclimatiza\u00e7\u00e3o de peixes novos:<\/strong><\/p>\n\n\n\n<ul class=\"wp-block-list\">\n<li>Enviar mensagem\/email com a temperatura da \u00e1gua dos sacos assim que chegue;<\/li>\n\n\n\n<li>Recomendamos, sempre que poss\u00edvel fazer quarentena aos novos peixes antes de os inserir no aqu\u00e1rio principal;<\/li>\n\n\n\n<li>Recomendamos n\u00e3o juntar peixes de origem diferentes diretamente (primeiro quarentena), mas se mesmo assim decidir, estar atento nos primeiros dias;<\/li>\n\n\n\n<li>Quando receber os peixes, efetuar uma aclimatiza\u00e7\u00e3o lenta (1-2 horas) e em ambiente escuro, at\u00e9 a temperatura estar semelhante \u00e0 do aqu\u00e1rio;<\/li>\n\n\n\n<li>Nas primeiras 24h deixar a luz do aqu\u00e1rio desligada para reduzir o stress aos peixes rec\u00e9m-chegados;<\/li>\n<\/ul>","protected":false},"excerpt":{"rendered":"<p>Levantamento em loja (Ornaqua- Avenida das escolas n\u00ba3 R\/C; 4540-103 Arouca); Entrega ao domic\u00edlioA entrega ao domic\u00edlio em Portugal e Espanha \u00e9 realizada atrav\u00e9s das transportadoras NACEX e MRW, num prazo de 24 horas para vivos e 24 a 48 horas para produtos n\u00e3o urgentes ap\u00f3s envio, mediante fornecimento correto dos dados pelo cliente. Para [&hellip;]<\/p>\n","protected":false},"author":1,"featured_media":0,"parent":0,"menu_order":0,"comment_status":"closed","ping_status":"closed","template":"","meta":{"inline_featured_image":false,"footnotes":""},"class_list":["post-5727","page","type-page","status-publish","hentry"],"yoast_head":"<!-- This site is optimized with the Yoast SEO plugin v27.1.1 - https:\/\/yoast.com\/product\/yoast-seo-wordpress\/ -->\n<title>Envios e Devolu\u00e7\u00f5es - Ornaqua - Reprodu\u00e7\u00e3o, Importa\u00e7\u00e3o e Comercio de Peixes Ornamentais<\/title>\n<meta name=\"robots\" content=\"index, follow, max-snippet:-1, max-image-preview:large, max-video-preview:-1\" \/>\n<link rel=\"canonical\" href=\"https:\/\/ornaqua.pt\/en\/politica-de-envios-e-devolucoes\/\" \/>\n<meta property=\"og:locale\" content=\"en_GB\" \/>\n<meta property=\"og:type\" content=\"article\" \/>\n<meta property=\"og:title\" content=\"Envios e Devolu\u00e7\u00f5es - Ornaqua - Reprodu\u00e7\u00e3o, Importa\u00e7\u00e3o e Comercio de Peixes Ornamentais\" \/>\n<meta property=\"og:description\" content=\"Levantamento em loja (Ornaqua- Avenida das escolas n\u00ba3 R\/C; 4540-103 Arouca); Entrega ao domic\u00edlioA entrega ao domic\u00edlio em Portugal e Espanha \u00e9 realizada atrav\u00e9s das transportadoras NACEX e MRW, num prazo de 24 horas para vivos e 24 a 48 horas para produtos n\u00e3o urgentes ap\u00f3s envio, mediante fornecimento correto dos dados pelo cliente. Para [&hellip;]\" \/>\n<meta property=\"og:url\" content=\"https:\/\/ornaqua.pt\/en\/politica-de-envios-e-devolucoes\/\" \/>\n<meta property=\"og:site_name\" content=\"Ornaqua - Reprodu\u00e7\u00e3o, Importa\u00e7\u00e3o e Comercio de Peixes Ornamentais\" \/>\n<meta property=\"article:publisher\" content=\"https:\/\/www.facebook.com\/ORNAQUA\" \/>\n<meta property=\"article:modified_time\" content=\"2024-11-18T20:50:36+00:00\" \/>\n<meta name=\"twitter:card\" content=\"summary_large_image\" \/>\n<meta name=\"twitter:label1\" content=\"Estimated reading time\" \/>\n\t<meta name=\"twitter:data1\" content=\"3 minutes\" \/>\n<script type=\"application\/ld+json\" class=\"yoast-schema-graph\">{\"@context\":\"https:\/\/schema.org\",\"@graph\":[{\"@type\":\"WebPage\",\"@id\":\"https:\/\/ornaqua.pt\/politica-de-envios-e-devolucoes\/\",\"url\":\"https:\/\/ornaqua.pt\/politica-de-envios-e-devolucoes\/\",\"name\":\"Envios e Devolu\u00e7\u00f5es - Ornaqua - Reprodu\u00e7\u00e3o, Importa\u00e7\u00e3o e Comercio de Peixes Ornamentais\",\"isPartOf\":{\"@id\":\"https:\/\/ornaqua.pt\/#website\"},\"datePublished\":\"2023-12-06T11:28:14+00:00\",\"dateModified\":\"2024-11-18T20:50:36+00:00\",\"breadcrumb\":{\"@id\":\"https:\/\/ornaqua.pt\/politica-de-envios-e-devolucoes\/#breadcrumb\"},\"inLanguage\":\"en-GB\",\"potentialAction\":[{\"@type\":\"ReadAction\",\"target\":[\"https:\/\/ornaqua.pt\/politica-de-envios-e-devolucoes\/\"]}]},{\"@type\":\"BreadcrumbList\",\"@id\":\"https:\/\/ornaqua.pt\/politica-de-envios-e-devolucoes\/#breadcrumb\",\"itemListElement\":[{\"@type\":\"ListItem\",\"position\":1,\"name\":\"In\u00edcio\",\"item\":\"https:\/\/ornaqua.pt\/\"},{\"@type\":\"ListItem\",\"position\":2,\"name\":\"Envios e Devolu\u00e7\u00f5es\"}]},{\"@type\":\"WebSite\",\"@id\":\"https:\/\/ornaqua.pt\/#website\",\"url\":\"https:\/\/ornaqua.pt\/\",\"name\":\"Ornaqua - Loja Online\",\"description\":\"Reprodu\u00e7\u00e3o, Importa\u00e7\u00e3o e Comercio de Peixes Ornamentais\",\"publisher\":{\"@id\":\"https:\/\/ornaqua.pt\/#organization\"},\"potentialAction\":[{\"@type\":\"SearchAction\",\"target\":{\"@type\":\"EntryPoint\",\"urlTemplate\":\"https:\/\/ornaqua.pt\/?s={search_term_string}\"},\"query-input\":{\"@type\":\"PropertyValueSpecification\",\"valueRequired\":true,\"valueName\":\"search_term_string\"}}],\"inLanguage\":\"en-GB\"},{\"@type\":\"Organization\",\"@id\":\"https:\/\/ornaqua.pt\/#organization\",\"name\":\"Ornaqua - Reprodu\u00e7\u00e3o, Importa\u00e7\u00e3o e Comercio de Peixes Ornamentais\",\"url\":\"https:\/\/ornaqua.pt\/\",\"logo\":{\"@type\":\"ImageObject\",\"inLanguage\":\"en-GB\",\"@id\":\"https:\/\/ornaqua.pt\/#\/schema\/logo\/image\/\",\"url\":\"https:\/\/ornaqua.pt\/wp-content\/uploads\/2023\/10\/logo_ornaqua_200.png\",\"contentUrl\":\"https:\/\/ornaqua.pt\/wp-content\/uploads\/2023\/10\/logo_ornaqua_200.png\",\"width\":200,\"height\":97,\"caption\":\"Ornaqua - Reprodu\u00e7\u00e3o, Importa\u00e7\u00e3o e Comercio de Peixes Ornamentais\"},\"image\":{\"@id\":\"https:\/\/ornaqua.pt\/#\/schema\/logo\/image\/\"},\"sameAs\":[\"https:\/\/www.facebook.com\/ORNAQUA\",\"https:\/\/www.instagram.com\/ornaqua\/\"]}]}<\/script>\n<!-- \/ Yoast SEO plugin. -->","yoast_head_json":{"title":"Envios e Devolu\u00e7\u00f5es - Ornaqua - Reprodu\u00e7\u00e3o, Importa\u00e7\u00e3o e Comercio de Peixes Ornamentais","robots":{"index":"index","follow":"follow","max-snippet":"max-snippet:-1","max-image-preview":"max-image-preview:large","max-video-preview":"max-video-preview:-1"},"canonical":"https:\/\/ornaqua.pt\/en\/politica-de-envios-e-devolucoes\/","og_locale":"en_GB","og_type":"article","og_title":"Envios e Devolu\u00e7\u00f5es - Ornaqua - Reprodu\u00e7\u00e3o, Importa\u00e7\u00e3o e Comercio de Peixes Ornamentais","og_description":"Levantamento em loja (Ornaqua- Avenida das escolas n\u00ba3 R\/C; 4540-103 Arouca); Entrega ao domic\u00edlioA entrega ao domic\u00edlio em Portugal e Espanha \u00e9 realizada atrav\u00e9s das transportadoras NACEX e MRW, num prazo de 24 horas para vivos e 24 a 48 horas para produtos n\u00e3o urgentes ap\u00f3s envio, mediante fornecimento correto dos dados pelo cliente. Para [&hellip;]","og_url":"https:\/\/ornaqua.pt\/en\/politica-de-envios-e-devolucoes\/","og_site_name":"Ornaqua - Reprodu\u00e7\u00e3o, Importa\u00e7\u00e3o e Comercio de Peixes Ornamentais","article_publisher":"https:\/\/www.facebook.com\/ORNAQUA","article_modified_time":"2024-11-18T20:50:36+00:00","twitter_card":"summary_large_image","twitter_misc":{"Estimated reading time":"3 minutes"},"schema":{"@context":"https:\/\/schema.org","@graph":[{"@type":"WebPage","@id":"https:\/\/ornaqua.pt\/politica-de-envios-e-devolucoes\/","url":"https:\/\/ornaqua.pt\/politica-de-envios-e-devolucoes\/","name":"Envios e Devolu\u00e7\u00f5es - Ornaqua - Reprodu\u00e7\u00e3o, Importa\u00e7\u00e3o e Comercio de Peixes Ornamentais","isPartOf":{"@id":"https:\/\/ornaqua.pt\/#website"},"datePublished":"2023-12-06T11:28:14+00:00","dateModified":"2024-11-18T20:50:36+00:00","breadcrumb":{"@id":"https:\/\/ornaqua.pt\/politica-de-envios-e-devolucoes\/#breadcrumb"},"inLanguage":"en-GB","potentialAction":[{"@type":"ReadAction","target":["https:\/\/ornaqua.pt\/politica-de-envios-e-devolucoes\/"]}]},{"@type":"BreadcrumbList","@id":"https:\/\/ornaqua.pt\/politica-de-envios-e-devolucoes\/#breadcrumb","itemListElement":[{"@type":"ListItem","position":1,"name":"In\u00edcio","item":"https:\/\/ornaqua.pt\/"},{"@type":"ListItem","position":2,"name":"Envios e Devolu\u00e7\u00f5es"}]},{"@type":"WebSite","@id":"https:\/\/ornaqua.pt\/#website","url":"https:\/\/ornaqua.pt\/","name":"Ornaqua - Loja Online","description":"Reprodu\u00e7\u00e3o, Importa\u00e7\u00e3o e Comercio de Peixes Ornamentais","publisher":{"@id":"https:\/\/ornaqua.pt\/#organization"},"potentialAction":[{"@type":"SearchAction","target":{"@type":"EntryPoint","urlTemplate":"https:\/\/ornaqua.pt\/?s={search_term_string}"},"query-input":{"@type":"PropertyValueSpecification","valueRequired":true,"valueName":"search_term_string"}}],"inLanguage":"en-GB"},{"@type":"Organization","@id":"https:\/\/ornaqua.pt\/#organization","name":"Ornaqua - Reprodu\u00e7\u00e3o, Importa\u00e7\u00e3o e Comercio de Peixes Ornamentais","url":"https:\/\/ornaqua.pt\/","logo":{"@type":"ImageObject","inLanguage":"en-GB","@id":"https:\/\/ornaqua.pt\/#\/schema\/logo\/image\/","url":"https:\/\/ornaqua.pt\/wp-content\/uploads\/2023\/10\/logo_ornaqua_200.png","contentUrl":"https:\/\/ornaqua.pt\/wp-content\/uploads\/2023\/10\/logo_ornaqua_200.png","width":200,"height":97,"caption":"Ornaqua - Reprodu\u00e7\u00e3o, Importa\u00e7\u00e3o e Comercio de Peixes Ornamentais"},"image":{"@id":"https:\/\/ornaqua.pt\/#\/schema\/logo\/image\/"},"sameAs":["https:\/\/www.facebook.com\/ORNAQUA","https:\/\/www.instagram.com\/ornaqua\/"]}]}},"_links":{"self":[{"href":"https:\/\/ornaqua.pt\/en\/wp-json\/wp\/v2\/pages\/5727","targetHints":{"allow":["GET"]}}],"collection":[{"href":"https:\/\/ornaqua.pt\/en\/wp-json\/wp\/v2\/pages"}],"about":[{"href":"https:\/\/ornaqua.pt\/en\/wp-json\/wp\/v2\/types\/page"}],"author":[{"embeddable":true,"href":"https:\/\/ornaqua.pt\/en\/wp-json\/wp\/v2\/users\/1"}],"replies":[{"embeddable":true,"href":"https:\/\/ornaqua.pt\/en\/wp-json\/wp\/v2\/comments?post=5727"}],"version-history":[{"count":4,"href":"https:\/\/ornaqua.pt\/en\/wp-json\/wp\/v2\/pages\/5727\/revisions"}],"predecessor-version":[{"id":6032,"href":"https:\/\/ornaqua.pt\/en\/wp-json\/wp\/v2\/pages\/5727\/revisions\/6032"}],"wp:attachment":[{"href":"https:\/\/ornaqua.pt\/en\/wp-json\/wp\/v2\/media?parent=5727"}],"curies":[{"name":"wp","href":"https:\/\/api.w.org\/{rel}","templated":true}]}}