{"id":4290,"date":"2023-03-20T19:57:26","date_gmt":"2023-03-20T19:57:26","guid":{"rendered":"http:\/\/ornaqua.pt\/?page_id=4290"},"modified":"2023-03-20T19:57:28","modified_gmt":"2023-03-20T19:57:28","slug":"politica-de-cookies","status":"publish","type":"page","link":"https:\/\/ornaqua.pt\/en\/politica-de-cookies\/","title":{"rendered":"Cookies Policy"},"content":{"rendered":"<p><strong>O que \u00e9 um cookie?<\/strong><br>Um cookie \u00e9 um ficheiro de texto que um website armazena no seu computador, telefone ou qualquer outro dispositivo com acesso \u00e0 internet, contendo informa\u00e7\u00e3o sobre a sua navega\u00e7\u00e3o neste website. Os cookies s\u00e3o utilizados para facilitar a navega\u00e7\u00e3o e torn\u00e1-la mais simples, e n\u00e3o danificam o seu computador.<\/p>\n\n\n\n<p><strong>Que tipo de cookies existem?<\/strong><\/p>\n\n\n\n<p>Cookies Permanentes: ficam armazenados ao n\u00edvel do navegador de internet (browser) nos seus dispositivos de acesso (pc, mobile e tablet) e s\u00e3o utilizados sempre que o utilizador faz uma nova visita ao site. Geralmente s\u00e3o utilizados para direccionar a navega\u00e7\u00e3o de acordo com os interesses do utilizador, permitindo-nos prestar um servi\u00e7o mais personalizado.<\/p>\n\n\n\n<p>Cookies de Sess\u00e3o: s\u00e3o tempor\u00e1rios, permanecem nos cookies do seu navegador de internet (browser) at\u00e9 sair do site. A informa\u00e7\u00e3o obtida permite identificar problemas e fornecer uma melhor experi\u00eancia de navega\u00e7\u00e3o.<\/p>\n\n\n\n<p><strong>Qual \u00e9 a finalidade dos cookies neste site?<\/strong><br>Os nossos cookies t\u00eam diferentes fun\u00e7\u00f5es:<\/p>\n\n\n\n<p><strong>Cookies Essenciais:<\/strong>&nbsp;Alguns cookies s\u00e3o essenciais para aceder a \u00e1reas espec\u00edficas do nosso site. Permitem a navega\u00e7\u00e3o no site e a utiliza\u00e7\u00e3o das suas aplica\u00e7\u00f5es, tal como aceder a \u00e1reas seguras do site atrav\u00e9s de login. Sem estes cookies, os servi\u00e7os que o exijam n\u00e3o podem ser prestados.<\/p>\n\n\n\n<p><strong>Cookies Anal\u00edticos:&nbsp;<\/strong>Utilizamos estes cookies para analisar a forma como os utilizadores usam o site e monitorizar a performance deste. Isto permite-nos fornecer uma experi\u00eancia de alta qualidade ao personalizar a nossa oferta e rapidamente identificar e corrigir quaisquer problemas que surjam. Por exemplo, usamos cookies de desempenho para saber quais as p\u00e1ginas mais populares, qual o m\u00e9todo de liga\u00e7\u00e3o entre p\u00e1ginas que \u00e9 mais eficaz, ou para determinar a raz\u00e3o de algumas p\u00e1ginas estarem a receber mensagens de erro. Baseado na utiliza\u00e7\u00e3o do site, podemos tamb\u00e9m utilizar estes cookies para destacar artigos ou servi\u00e7os do site que pensamos ser do interesse dos utilizadores.Estes cookies s\u00e3o utilizados apenas para efeitos de cria\u00e7\u00e3o e an\u00e1lise estat\u00edstica, sem nunca recolher informa\u00e7\u00e3o de car\u00e1cter pessoal.<\/p>\n\n\n\n<p>Mais Informa\u00e7\u00f5es: www.google.com\/analytics.<\/p>\n\n\n\n<p><strong>Cookies de Funcionalidade:&nbsp;<\/strong>utilizamos cookies de funcionalidade para nos permitir relembrar as prefer\u00eancias do utilizador. Por exemplo, os cookies evitam digitar o nome do utilizador cada vez que este acede ao site.<\/p>\n\n\n\n<p>Em resumo, os cookies de funcionalidade guardam as prefer\u00eancias do utilizador relativamente \u00e0 utiliza\u00e7\u00e3o do site, de forma que n\u00e3o seja necess\u00e1rio voltar a configurar o site cada vez que o visita.<\/p>\n\n\n\n<p><strong>Posso desactivar a utiliza\u00e7\u00e3o de cookies?<\/strong><br>Sim, os cookies podem ser desactivados no seu navegador (browser).<br>No entanto, ao desactivar as cookies, poder\u00e1 impedir que alguns servi\u00e7os da web funcionem correctamente, afectando, parcial ou totalmente, a navega\u00e7\u00e3o no website.<\/p>\n\n\n\n<p>Poder\u00e1 bloquear ou apagar os cookies deste site modificando a configura\u00e7\u00e3o do seu navegador. Para mais detalhes sobre a configura\u00e7\u00e3o dos cookies, consulte o menu \u201cAjuda\u201d do seu navegador.<\/p>\n\n\n\n<p>Para obter mais informa\u00e7\u00f5es sobre cookies e a respetiva utiliza\u00e7\u00e3o, sugerimos que consulte o seguinte link:<br><a rel=\"noreferrer noopener\" href=\"https:\/\/www.allaboutcookies.org\/\" target=\"_blank\">All About Cookies<\/a><\/p>","protected":false},"excerpt":{"rendered":"<p>O que \u00e9 um cookie?Um cookie \u00e9 um ficheiro de texto que um website armazena no seu computador, telefone ou qualquer outro dispositivo com acesso \u00e0 internet, contendo informa\u00e7\u00e3o sobre a sua navega\u00e7\u00e3o neste website. Os cookies s\u00e3o utilizados para facilitar a navega\u00e7\u00e3o e torn\u00e1-la mais simples, e n\u00e3o danificam o seu computador. Que tipo [&hellip;]<\/p>\n","protected":false},"author":1,"featured_media":0,"parent":0,"menu_order":0,"comment_status":"closed","ping_status":"closed","template":"","meta":{"inline_featured_image":false,"footnotes":""},"class_list":["post-4290","page","type-page","status-publish","hentry"],"yoast_head":"<!-- This site is optimized with the Yoast SEO plugin v27.1.1 - https:\/\/yoast.com\/product\/yoast-seo-wordpress\/ -->\n<title>Pol\u00edtica de Cookies - Ornaqua - Reprodu\u00e7\u00e3o, Importa\u00e7\u00e3o e Comercio de Peixes Ornamentais<\/title>\n<meta name=\"robots\" content=\"index, follow, max-snippet:-1, max-image-preview:large, max-video-preview:-1\" \/>\n<link rel=\"canonical\" href=\"https:\/\/ornaqua.pt\/en\/politica-de-cookies\/\" \/>\n<meta property=\"og:locale\" content=\"en_GB\" \/>\n<meta property=\"og:type\" content=\"article\" \/>\n<meta property=\"og:title\" content=\"Pol\u00edtica de Cookies - Ornaqua - Reprodu\u00e7\u00e3o, Importa\u00e7\u00e3o e Comercio de Peixes Ornamentais\" \/>\n<meta property=\"og:description\" content=\"O que \u00e9 um cookie?Um cookie \u00e9 um ficheiro de texto que um website armazena no seu computador, telefone ou qualquer outro dispositivo com acesso \u00e0 internet, contendo informa\u00e7\u00e3o sobre a sua navega\u00e7\u00e3o neste website. Os cookies s\u00e3o utilizados para facilitar a navega\u00e7\u00e3o e torn\u00e1-la mais simples, e n\u00e3o danificam o seu computador. Que tipo [&hellip;]\" \/>\n<meta property=\"og:url\" content=\"https:\/\/ornaqua.pt\/en\/politica-de-cookies\/\" \/>\n<meta property=\"og:site_name\" content=\"Ornaqua - Reprodu\u00e7\u00e3o, Importa\u00e7\u00e3o e Comercio de Peixes Ornamentais\" \/>\n<meta property=\"article:publisher\" content=\"https:\/\/www.facebook.com\/ORNAQUA\" \/>\n<meta property=\"article:modified_time\" content=\"2023-03-20T19:57:28+00:00\" \/>\n<meta name=\"twitter:card\" content=\"summary_large_image\" \/>\n<meta name=\"twitter:label1\" content=\"Estimated reading time\" \/>\n\t<meta name=\"twitter:data1\" content=\"3 minutes\" \/>\n<script type=\"application\/ld+json\" class=\"yoast-schema-graph\">{\"@context\":\"https:\/\/schema.org\",\"@graph\":[{\"@type\":\"WebPage\",\"@id\":\"https:\/\/ornaqua.pt\/politica-de-cookies\/\",\"url\":\"https:\/\/ornaqua.pt\/politica-de-cookies\/\",\"name\":\"Pol\u00edtica de Cookies - Ornaqua - Reprodu\u00e7\u00e3o, Importa\u00e7\u00e3o e Comercio de Peixes Ornamentais\",\"isPartOf\":{\"@id\":\"https:\/\/ornaqua.pt\/#website\"},\"datePublished\":\"2023-03-20T19:57:26+00:00\",\"dateModified\":\"2023-03-20T19:57:28+00:00\",\"breadcrumb\":{\"@id\":\"https:\/\/ornaqua.pt\/politica-de-cookies\/#breadcrumb\"},\"inLanguage\":\"en-GB\",\"potentialAction\":[{\"@type\":\"ReadAction\",\"target\":[\"https:\/\/ornaqua.pt\/politica-de-cookies\/\"]}]},{\"@type\":\"BreadcrumbList\",\"@id\":\"https:\/\/ornaqua.pt\/politica-de-cookies\/#breadcrumb\",\"itemListElement\":[{\"@type\":\"ListItem\",\"position\":1,\"name\":\"In\u00edcio\",\"item\":\"https:\/\/ornaqua.pt\/\"},{\"@type\":\"ListItem\",\"position\":2,\"name\":\"Pol\u00edtica de Cookies\"}]},{\"@type\":\"WebSite\",\"@id\":\"https:\/\/ornaqua.pt\/#website\",\"url\":\"https:\/\/ornaqua.pt\/\",\"name\":\"Ornaqua - Loja Online\",\"description\":\"Reprodu\u00e7\u00e3o, Importa\u00e7\u00e3o e Comercio de Peixes Ornamentais\",\"publisher\":{\"@id\":\"https:\/\/ornaqua.pt\/#organization\"},\"potentialAction\":[{\"@type\":\"SearchAction\",\"target\":{\"@type\":\"EntryPoint\",\"urlTemplate\":\"https:\/\/ornaqua.pt\/?s={search_term_string}\"},\"query-input\":{\"@type\":\"PropertyValueSpecification\",\"valueRequired\":true,\"valueName\":\"search_term_string\"}}],\"inLanguage\":\"en-GB\"},{\"@type\":\"Organization\",\"@id\":\"https:\/\/ornaqua.pt\/#organization\",\"name\":\"Ornaqua - Reprodu\u00e7\u00e3o, Importa\u00e7\u00e3o e Comercio de Peixes Ornamentais\",\"url\":\"https:\/\/ornaqua.pt\/\",\"logo\":{\"@type\":\"ImageObject\",\"inLanguage\":\"en-GB\",\"@id\":\"https:\/\/ornaqua.pt\/#\/schema\/logo\/image\/\",\"url\":\"https:\/\/ornaqua.pt\/wp-content\/uploads\/2023\/10\/logo_ornaqua_200.png\",\"contentUrl\":\"https:\/\/ornaqua.pt\/wp-content\/uploads\/2023\/10\/logo_ornaqua_200.png\",\"width\":200,\"height\":97,\"caption\":\"Ornaqua - Reprodu\u00e7\u00e3o, Importa\u00e7\u00e3o e Comercio de Peixes Ornamentais\"},\"image\":{\"@id\":\"https:\/\/ornaqua.pt\/#\/schema\/logo\/image\/\"},\"sameAs\":[\"https:\/\/www.facebook.com\/ORNAQUA\",\"https:\/\/www.instagram.com\/ornaqua\/\"]}]}<\/script>\n<!-- \/ Yoast SEO plugin. -->","yoast_head_json":{"title":"Pol\u00edtica de Cookies - Ornaqua - Reprodu\u00e7\u00e3o, Importa\u00e7\u00e3o e Comercio de Peixes Ornamentais","robots":{"index":"index","follow":"follow","max-snippet":"max-snippet:-1","max-image-preview":"max-image-preview:large","max-video-preview":"max-video-preview:-1"},"canonical":"https:\/\/ornaqua.pt\/en\/politica-de-cookies\/","og_locale":"en_GB","og_type":"article","og_title":"Pol\u00edtica de Cookies - Ornaqua - Reprodu\u00e7\u00e3o, Importa\u00e7\u00e3o e Comercio de Peixes Ornamentais","og_description":"O que \u00e9 um cookie?Um cookie \u00e9 um ficheiro de texto que um website armazena no seu computador, telefone ou qualquer outro dispositivo com acesso \u00e0 internet, contendo informa\u00e7\u00e3o sobre a sua navega\u00e7\u00e3o neste website. Os cookies s\u00e3o utilizados para facilitar a navega\u00e7\u00e3o e torn\u00e1-la mais simples, e n\u00e3o danificam o seu computador. Que tipo [&hellip;]","og_url":"https:\/\/ornaqua.pt\/en\/politica-de-cookies\/","og_site_name":"Ornaqua - Reprodu\u00e7\u00e3o, Importa\u00e7\u00e3o e Comercio de Peixes Ornamentais","article_publisher":"https:\/\/www.facebook.com\/ORNAQUA","article_modified_time":"2023-03-20T19:57:28+00:00","twitter_card":"summary_large_image","twitter_misc":{"Estimated reading time":"3 minutes"},"schema":{"@context":"https:\/\/schema.org","@graph":[{"@type":"WebPage","@id":"https:\/\/ornaqua.pt\/politica-de-cookies\/","url":"https:\/\/ornaqua.pt\/politica-de-cookies\/","name":"Pol\u00edtica de Cookies - Ornaqua - Reprodu\u00e7\u00e3o, Importa\u00e7\u00e3o e Comercio de Peixes Ornamentais","isPartOf":{"@id":"https:\/\/ornaqua.pt\/#website"},"datePublished":"2023-03-20T19:57:26+00:00","dateModified":"2023-03-20T19:57:28+00:00","breadcrumb":{"@id":"https:\/\/ornaqua.pt\/politica-de-cookies\/#breadcrumb"},"inLanguage":"en-GB","potentialAction":[{"@type":"ReadAction","target":["https:\/\/ornaqua.pt\/politica-de-cookies\/"]}]},{"@type":"BreadcrumbList","@id":"https:\/\/ornaqua.pt\/politica-de-cookies\/#breadcrumb","itemListElement":[{"@type":"ListItem","position":1,"name":"In\u00edcio","item":"https:\/\/ornaqua.pt\/"},{"@type":"ListItem","position":2,"name":"Pol\u00edtica de Cookies"}]},{"@type":"WebSite","@id":"https:\/\/ornaqua.pt\/#website","url":"https:\/\/ornaqua.pt\/","name":"Ornaqua - Loja Online","description":"Reprodu\u00e7\u00e3o, Importa\u00e7\u00e3o e Comercio de Peixes Ornamentais","publisher":{"@id":"https:\/\/ornaqua.pt\/#organization"},"potentialAction":[{"@type":"SearchAction","target":{"@type":"EntryPoint","urlTemplate":"https:\/\/ornaqua.pt\/?s={search_term_string}"},"query-input":{"@type":"PropertyValueSpecification","valueRequired":true,"valueName":"search_term_string"}}],"inLanguage":"en-GB"},{"@type":"Organization","@id":"https:\/\/ornaqua.pt\/#organization","name":"Ornaqua - Reprodu\u00e7\u00e3o, Importa\u00e7\u00e3o e Comercio de Peixes Ornamentais","url":"https:\/\/ornaqua.pt\/","logo":{"@type":"ImageObject","inLanguage":"en-GB","@id":"https:\/\/ornaqua.pt\/#\/schema\/logo\/image\/","url":"https:\/\/ornaqua.pt\/wp-content\/uploads\/2023\/10\/logo_ornaqua_200.png","contentUrl":"https:\/\/ornaqua.pt\/wp-content\/uploads\/2023\/10\/logo_ornaqua_200.png","width":200,"height":97,"caption":"Ornaqua - Reprodu\u00e7\u00e3o, Importa\u00e7\u00e3o e Comercio de Peixes Ornamentais"},"image":{"@id":"https:\/\/ornaqua.pt\/#\/schema\/logo\/image\/"},"sameAs":["https:\/\/www.facebook.com\/ORNAQUA","https:\/\/www.instagram.com\/ornaqua\/"]}]}},"_links":{"self":[{"href":"https:\/\/ornaqua.pt\/en\/wp-json\/wp\/v2\/pages\/4290","targetHints":{"allow":["GET"]}}],"collection":[{"href":"https:\/\/ornaqua.pt\/en\/wp-json\/wp\/v2\/pages"}],"about":[{"href":"https:\/\/ornaqua.pt\/en\/wp-json\/wp\/v2\/types\/page"}],"author":[{"embeddable":true,"href":"https:\/\/ornaqua.pt\/en\/wp-json\/wp\/v2\/users\/1"}],"replies":[{"embeddable":true,"href":"https:\/\/ornaqua.pt\/en\/wp-json\/wp\/v2\/comments?post=4290"}],"version-history":[{"count":1,"href":"https:\/\/ornaqua.pt\/en\/wp-json\/wp\/v2\/pages\/4290\/revisions"}],"predecessor-version":[{"id":4291,"href":"https:\/\/ornaqua.pt\/en\/wp-json\/wp\/v2\/pages\/4290\/revisions\/4291"}],"wp:attachment":[{"href":"https:\/\/ornaqua.pt\/en\/wp-json\/wp\/v2\/media?parent=4290"}],"curies":[{"name":"wp","href":"https:\/\/api.w.org\/{rel}","templated":true}]}}