{"id":35,"date":"2023-03-11T21:52:12","date_gmt":"2023-03-11T21:52:12","guid":{"rendered":"http:\/\/ornaqua.pt\/?page_id=35"},"modified":"2024-11-20T20:04:41","modified_gmt":"2024-11-20T20:04:41","slug":"termos-e-condicoes-de-venda","status":"publish","type":"page","link":"https:\/\/ornaqua.pt\/en\/termos-e-condicoes-de-venda\/","title":{"rendered":"Terms and Conditions"},"content":{"rendered":"<div data-elementor-type=\"wp-page\" data-elementor-id=\"35\" class=\"elementor elementor-35\">\n\t\t\t\t\t\t<section class=\"elementor-section elementor-top-section elementor-element elementor-element-4231ee5c elementor-section-boxed elementor-section-height-default elementor-section-height-default\" data-id=\"4231ee5c\" data-element_type=\"section\" data-e-type=\"section\">\r\n\t\t\r\n\t\t\t\t\t\t\t<div class=\"elementor-container elementor-column-gap-default\">\r\n\t\t\t\t\t\t\t\t\t\t\t<div class=\"elementor-column elementor-col-100 elementor-top-column elementor-element elementor-element-5003c62b\" data-id=\"5003c62b\" data-element_type=\"column\" data-e-type=\"column\">\r\n\t\t\t\t\t<div class=\"elementor-widget-wrap elementor-element-populated\">\r\n\t\t\t\t\t\t\t\t<div class=\"elementor-element elementor-element-5b7891ac elementor-widget elementor-widget-text-editor\" data-id=\"5b7891ac\" data-element_type=\"widget\" data-e-type=\"widget\" data-widget_type=\"text-editor.default\">\n\t\t\t\t<div class=\"elementor-widget-container\">\n\t\t\t\t\t\t\t\t\t<p>Ornaqua tem o prazer de dar as boas vindas a sua loja online, que tem por objetivo, facilitar a aquisi\u00e7\u00e3o de produtos e peixes sem sair de casa e com servi\u00e7o de entrega ao domic\u00edlio. Garantindo a satisfa\u00e7\u00e3o dos clientes e o bem-estar dos peixes.<\/p>\n<p>&nbsp;O site <a href=\"http:\/\/ornaqua.pt\/en\/\">http:\/\/ornaqua.pt\/<\/a>, pertence a empresa:<\/p>\n<p>ORNAQUA-COM\u00c9RCIO DE PEIXES ORNAMENTAIS UNIPESSOAL LDA;<br><span style=\"color: var(--porto-body-color); letter-spacing: var(--porto-body-ls,0);\">N\u00famero de Identifica\u00e7\u00e3o de Pessoa Coletiva 516834355;<br><\/span><span style=\"color: var(--porto-body-color); letter-spacing: var(--porto-body-ls,0);\">Morada e c\u00f3digo postal: Avenida das Escolas n\u00ba3 R\/C, 4540-103 Arouca;<\/span><\/p>\n<p>Telem\u00f3vel: + 351&nbsp;914&nbsp;465 328.<\/p>\n<p>&nbsp;Para que possa adquirir os produtos no site, tem de se registar como cliente ou como lojista, tendo a op\u00e7\u00e3o de fazer a suas compras como convidado. Para mais informa\u00e7\u00f5es, pode faze-lo atrav\u00e9s do email: geral@ornaqua.pt<\/p>\n<p><strong>A minha conta:<\/strong><\/p>\n<p>Aqui encontrar\u00e1 todas as informa\u00e7\u00f5es necess\u00e1rias para poder registar-se em Ornaqua.pt, aceder \u00e0 sua conta ou resolver qualquer incidente relacionado com a mesma;<\/p>\n<p>O registo \u00e9 muito simples. Pedimos apenas as informa\u00e7\u00f5es para agilizar o processo de compra. Pode faz\u00ea-lo a partir da op\u00e7\u00e3o: Registe-se.<\/p>\n<p>Se j\u00e1 tem conta, pode iniciar sess\u00e3o, introduzindo os seus dados e n\u00e3o se esque\u00e7a de fechar sess\u00e3o e sair de forma segura.<\/p>\n<p><strong>Procedimento de registo:<\/strong><\/p>\n<p>Para efetuar o seu registo, a idade ter\u00e1 de ser igual ou superior a 18 anos e preencher um formul\u00e1rio. As informa\u00e7\u00f5es fornecidas devem ser ver\u00eddicas e sempre que surgirem altera\u00e7\u00f5es, relativamente aos dados fornecidos, dever\u00e1 comprometer-se a fazer a atualiza\u00e7\u00e3o das mesmas. Em situa\u00e7\u00f5es que n\u00e3o se verifiquem a veracidade dos dados fornecidos ou o preenchimento incompleto do formul\u00e1rio, o registo de conta pode ser cancelado. Apenas o pr\u00f3prio poder\u00e1 aceder a sua conta, n\u00e3o podendo ser utilizados por terceiros, ficando assim respons\u00e1vel pela confidencialidade da sua palavra-passe, sendo que a ORNAQUA, n\u00e3o ter\u00e1 qualquer responsabilidade por uso impr\u00f3prio da palavra-passe.<\/p>\n<p>Para que se sinta seguro, dispomos de um servi\u00e7o de acompanhamento que vai desde o pr\u00e9 ao p\u00f3s venda, onde pode esclarecer todas as suas d\u00favidas.<\/p>\n<p><b style=\"color: inherit; font-family: inherit; font-size: inherit; letter-spacing: inherit;\">Encomenda no site:<\/b><\/p>\n<p>Dever\u00e1 efetuar o login no site <a href=\"http:\/\/ornaqua.pt\/en\/\">http:\/\/ornaqua.pt\/<\/a>.<\/p>\n<p>O utilizador visualiza todos os artigos e seleciona o que pretende e a quantidade. Para finalizar a sua compra, dever\u00e1 ir ao \u201ccarrinho\u201d e completar a informa\u00e7\u00e3o solicitada e escolher as op\u00e7\u00f5es disponibilizadas ao longo do processo de \u201ccheckout\u201d (morada de fatura\u00e7\u00e3o; morada de entrega; forma de pagamento; tipo de envio). Caso o pagamento da encomenda n\u00e3o seja efetuado dentro do prazo estipulado, esta n\u00e3o poder\u00e1 ser validado.<\/p>\n<p>Depois da fatura emitida n\u00e3o \u00e9 poss\u00edvel altera\u00e7\u00f5es. A valida\u00e7\u00e3o do pedido de compra implica que o cliente tome conhecimento e aceite as presentes condi\u00e7\u00f5es gerais de contrata\u00e7\u00e3o e utiliza\u00e7\u00e3o, dispon\u00edveis para consultar a todo o tempo em <a href=\"http:\/\/ornaqua.pt\/en\/\">http:\/\/ornaqua.pt\/<\/a>.<\/p>\n<p>Os dados registados s\u00e3o utilizados para o fim espec\u00edfico da sua visita, compra, envio e caso o cliente autorize para fins de marketing, de forma a respeitar a sua privacidade e garantir a confidencialidade dos dados pessoais utilizados no nosso site (lei de Prote\u00e7\u00e3o de Dados de 8 de agosto de 2019 (Lei n.\u00ba 58\/2019)). Ao optar por continuar no site <a href=\"http:\/\/ornaqua.pt\/en\/\">http:\/\/ornaqua.pt\/<\/a>, toma conhecimento e aceita a Pol\u00edtica de Privacidade. A Ornaqua atualizar\u00e1 a Pol\u00edtica de Privacidade em conformidade com a legisla\u00e7\u00e3o em vigor.<\/p>\n<p>*Iremos recorrer ao uso dos dados pessoais fornecidos, para o informar sobre a sua encomenda\/ altera\u00e7\u00f5es ou outras quest\u00f5es relacionadas com a sua compra, como tamb\u00e9m para o informar de promo\u00e7\u00f5es ou novos produtos.<\/p>\n<p>*A qualquer altura, o cliente poder\u00e1 solicitar\/corrigir\/cancelar os seus dados na p\u00e1gina online, ou enviando um email para o geral@ornaqua.pt.<\/p>\n<p>Meios de pagamento-A escolha do m\u00e9todo de pagamento \u00e9 realizada durante o processo de compra. Para algumas modalidades disp\u00f5e de 24 horas para efetuar o pagamento. Caso o pagamento n\u00e3o aconte\u00e7a, a encomenda \u00e9 automaticamente cancelada.&nbsp;<\/p>\n<ul>\n<li>PayPal;<\/li>\n<li>Transfer\u00eancia banc\u00e1ria;<\/li>\n<li>Multibanco;<\/li>\n<li>MB WAY;<\/li>\n<\/ul>\n<h4>Entrega ao Domic\u00edlio ou Recolha da encomenda em loja:<\/h4>\n<p>O utilizador poder\u00e1 optar entre o levantamento em loja ou na entrega ao domic\u00edlio. Para ambas as situa\u00e7\u00f5es, apenas encomendas confirmadas e pagas, podem ser reclamadas. Podem ser estabelecidas limita\u00e7\u00f5es \u00e0s quantidades de produtos encomendados.<\/p>\n<p><strong>Entrega ao domic\u00edlio<\/strong><\/p>\n<ul>\n<li>Para Portugal continental e Espanha as nossas encomendas s\u00e3o enviadas pelas transportadoras NACEX E MRW.<\/li>\n<\/ul>\n<p>VIVOS (24h)<\/p>\n<p>PRODUTOS N\u00c3O URGENTES (24-48h)<\/p>\n<ul>\n<li>Para Alemanha, \u00c1ustria, B\u00e9lgica, Bulg\u00e1ria, Chipre, Cro\u00e1cia, Dinamarca, Fran\u00e7a, Eslov\u00e9nia, Est\u00f3nia, Finl\u00e2ndia, Gr\u00e9cia, Hungria, It\u00e1lia, Litu\u00e2nia, Luxemburgo, M\u00f3naco, Pa\u00edses Baixos, Su\u00e9cia) utilizamos a transportadora UPS.<\/li>\n<\/ul>\n<p>VIVOS (24h)<\/p>\n<p>PRODUTOS N\u00c3O URGENTES (24-72h)<\/p>\n<p><strong>Levantamento em loja &#8211;<\/strong> Caso opte por recolher na loja Ornaqua, a encomenda ficar\u00e1 dispon\u00edvel, mediante stock existente, ap\u00f3s conclus\u00e3o do pedido.&nbsp; O cliente ser\u00e1 contactado para combinar o dia e a hora de levantamento.<\/p>\n<p><strong>Notas:<\/strong><\/p>\n<p>&#8211; Os custos de transporte variam em fun\u00e7\u00e3o dos pesos e dimens\u00f5es da encomenda;<\/p>\n<p>&#8211; N\u00e3o \u00e9 obrigat\u00f3rio que a morada de fatura\u00e7\u00e3o e morada de entrega coincidam;<\/p>\n<p>&#8211; Quando for enviada a encomenda, o cliente receber\u00e1 um email no endere\u00e7o fornecido ou uma mensagem, com um c\u00f3digo que permitir\u00e1 o acompanhamento da encomenda;<\/p>\n<p>&#8211; Pedimos sempre ao cliente, no caso de congelados ou vivos, que se a encomenda n\u00e3o chegue no prazo de 24h, para nos comunicar;<\/p>\n<p>&#8211; A entrega das encomendas feitas no site, ficam sempre sujeitas \u00e0 disponibilidade do respetivo stock. Se os produtos deixarem de estar dispon\u00edveis, entramos em contacto com o cliente para combinar uma data para a entrega do mesmo;<\/p>\n<p>-O envio de vivos (sem encomenda m\u00ednima) e\/ou congelados (m\u00ednimo 2,5kg de alimento) \u00e9 feito de segunda-feira a quarta-feira, com a exce\u00e7\u00e3o de feriados; O envio dos restantes produtos \u00e9 feito todos os dias \u00fateis;<\/p>\n<p>-Junto com o envio dos vivos, tem um documento que explica quais os procedimentos de adapta\u00e7\u00e3o dos peixes ao vosso meio aqu\u00e1tico, que pedimos que o leiam com aten\u00e7\u00e3o e cumpram os passos;<\/p>\n<p>-Pedimos que sempre que a encomenda vos chegue em m\u00e3os, que nos deem o vosso feedback, de modo a podermos melhorar nos pr\u00f3ximos envios;<\/p>\n<p>-Lembre-se do meio ambiente e reutilize ou recicle todos os materiais utilizados nos envios.<\/p>\n<p><strong>Cancelamento e devolu\u00e7\u00e3o de produtos:<\/strong>-Produtos\/vivos: No caso da embalagem chegar danificada ou os peixes n\u00e3o chegarem conforme acordado, pedimos que filmem e fa\u00e7am o registo fotogr\u00e1fico (com os peixes dentro do saco) e nos fa\u00e7am chegar por email (geral@ornaqua.pt) ou por Whatsapp (00351914465328), at\u00e9 ao final do dia da rece\u00e7\u00e3o da encomenda para podermos verificar a situa\u00e7\u00e3o e resolver da melhor forma.<\/p>\n<p><strong>Produto: <\/strong>As fotografias no site s\u00e3o um exemplo do produto ou peixe. A Ornaqua, recomenda que o cliente consulte a informa\u00e7\u00e3o e se ainda tiver d\u00favidas que entre em contacto connosco.<\/p>\n<p><strong>Pre\u00e7o: <\/strong>Os pre\u00e7os apresentados no site <a href=\"http:\/\/ornaqua.pt\/en\/\">http:\/\/ornaqua.pt\/<\/a>, est\u00e3o em euros e com o IVA inclu\u00eddo a vigor. Os custos de envio s\u00e3o da responsabilidade do cliente e acrescem ao valor total do(s) produto(s) selecionado(s). Ao longo da encomenda o cliente tomar\u00e1 conhecimento do encargo e ter\u00e1 de confirmar o pedido para concluir a encomenda. A Ornaqua poder\u00e1 a qualquer momento alterar os pre\u00e7os dos produtos apresentados, como tamb\u00e9m n\u00e3o poder\u00e1 ser responsabilizada se existir um erro inform\u00e1tico, manual ou t\u00e9cnico, ou de qualquer outra origem, que envolva a altera\u00e7\u00e3o de pre\u00e7o e nestas situa\u00e7\u00f5es, o pedido de compra \u00e9 anulado e o cliente ser\u00e1 informado.<\/p>\t\t\t\t\t\t\t\t<\/div>\n\t\t\t\t<\/div>\n\t\t\t\t\t<\/div>\r\n\t\t\t\t<\/div>\r\n\t\t\t\t\t<\/div>\r\n\t\t\t\t<\/section>\r\n\t\t\t\t<\/div>","protected":false},"excerpt":{"rendered":"<p>Ornaqua tem o prazer de dar as boas vindas a sua loja online, que tem por objetivo, facilitar a aquisi\u00e7\u00e3o de produtos e peixes sem sair de casa e com servi\u00e7o de entrega ao domic\u00edlio. Garantindo a satisfa\u00e7\u00e3o dos clientes e o bem-estar dos peixes. &nbsp;O site http:\/\/ornaqua.pt\/, pertence a empresa: ORNAQUA-COM\u00c9RCIO DE PEIXES ORNAMENTAIS [&hellip;]<\/p>\n","protected":false},"author":1,"featured_media":0,"parent":0,"menu_order":0,"comment_status":"closed","ping_status":"closed","template":"","meta":{"inline_featured_image":false,"footnotes":""},"class_list":["post-35","page","type-page","status-publish","hentry"],"yoast_head":"<!-- This site is optimized with the Yoast SEO plugin v27.1.1 - https:\/\/yoast.com\/product\/yoast-seo-wordpress\/ -->\n<title>Termos e Condi\u00e7\u00f5es de Venda - Ornaqua - Reprodu\u00e7\u00e3o, Importa\u00e7\u00e3o e Comercio de Peixes Ornamentais<\/title>\n<meta name=\"robots\" content=\"index, follow, max-snippet:-1, max-image-preview:large, max-video-preview:-1\" \/>\n<link rel=\"canonical\" href=\"https:\/\/ornaqua.pt\/en\/termos-e-condicoes-de-venda\/\" \/>\n<meta property=\"og:locale\" content=\"en_GB\" \/>\n<meta property=\"og:type\" content=\"article\" \/>\n<meta property=\"og:title\" content=\"Termos e Condi\u00e7\u00f5es de Venda - Ornaqua - Reprodu\u00e7\u00e3o, Importa\u00e7\u00e3o e Comercio de Peixes Ornamentais\" \/>\n<meta property=\"og:description\" content=\"Ornaqua tem o prazer de dar as boas vindas a sua loja online, que tem por objetivo, facilitar a aquisi\u00e7\u00e3o de produtos e peixes sem sair de casa e com servi\u00e7o de entrega ao domic\u00edlio. Garantindo a satisfa\u00e7\u00e3o dos clientes e o bem-estar dos peixes. &nbsp;O site http:\/\/ornaqua.pt\/, pertence a empresa: ORNAQUA-COM\u00c9RCIO DE PEIXES ORNAMENTAIS [&hellip;]\" \/>\n<meta property=\"og:url\" content=\"https:\/\/ornaqua.pt\/en\/termos-e-condicoes-de-venda\/\" \/>\n<meta property=\"og:site_name\" content=\"Ornaqua - Reprodu\u00e7\u00e3o, Importa\u00e7\u00e3o e Comercio de Peixes Ornamentais\" \/>\n<meta property=\"article:publisher\" content=\"https:\/\/www.facebook.com\/ORNAQUA\" \/>\n<meta property=\"article:modified_time\" content=\"2024-11-20T20:04:41+00:00\" \/>\n<meta name=\"twitter:card\" content=\"summary_large_image\" \/>\n<meta name=\"twitter:label1\" content=\"Estimated reading time\" \/>\n\t<meta name=\"twitter:data1\" content=\"7 minutes\" \/>\n<script type=\"application\/ld+json\" class=\"yoast-schema-graph\">{\"@context\":\"https:\/\/schema.org\",\"@graph\":[{\"@type\":\"WebPage\",\"@id\":\"https:\/\/ornaqua.pt\/termos-e-condicoes-de-venda\/\",\"url\":\"https:\/\/ornaqua.pt\/termos-e-condicoes-de-venda\/\",\"name\":\"Termos e Condi\u00e7\u00f5es de Venda - Ornaqua - Reprodu\u00e7\u00e3o, Importa\u00e7\u00e3o e Comercio de Peixes Ornamentais\",\"isPartOf\":{\"@id\":\"https:\/\/ornaqua.pt\/#website\"},\"datePublished\":\"2023-03-11T21:52:12+00:00\",\"dateModified\":\"2024-11-20T20:04:41+00:00\",\"breadcrumb\":{\"@id\":\"https:\/\/ornaqua.pt\/termos-e-condicoes-de-venda\/#breadcrumb\"},\"inLanguage\":\"en-GB\",\"potentialAction\":[{\"@type\":\"ReadAction\",\"target\":[\"https:\/\/ornaqua.pt\/termos-e-condicoes-de-venda\/\"]}]},{\"@type\":\"BreadcrumbList\",\"@id\":\"https:\/\/ornaqua.pt\/termos-e-condicoes-de-venda\/#breadcrumb\",\"itemListElement\":[{\"@type\":\"ListItem\",\"position\":1,\"name\":\"In\u00edcio\",\"item\":\"https:\/\/ornaqua.pt\/\"},{\"@type\":\"ListItem\",\"position\":2,\"name\":\"Termos e Condi\u00e7\u00f5es de Venda\"}]},{\"@type\":\"WebSite\",\"@id\":\"https:\/\/ornaqua.pt\/#website\",\"url\":\"https:\/\/ornaqua.pt\/\",\"name\":\"Ornaqua - Loja Online\",\"description\":\"Reprodu\u00e7\u00e3o, Importa\u00e7\u00e3o e Comercio de Peixes Ornamentais\",\"publisher\":{\"@id\":\"https:\/\/ornaqua.pt\/#organization\"},\"potentialAction\":[{\"@type\":\"SearchAction\",\"target\":{\"@type\":\"EntryPoint\",\"urlTemplate\":\"https:\/\/ornaqua.pt\/?s={search_term_string}\"},\"query-input\":{\"@type\":\"PropertyValueSpecification\",\"valueRequired\":true,\"valueName\":\"search_term_string\"}}],\"inLanguage\":\"en-GB\"},{\"@type\":\"Organization\",\"@id\":\"https:\/\/ornaqua.pt\/#organization\",\"name\":\"Ornaqua - Reprodu\u00e7\u00e3o, Importa\u00e7\u00e3o e Comercio de Peixes Ornamentais\",\"url\":\"https:\/\/ornaqua.pt\/\",\"logo\":{\"@type\":\"ImageObject\",\"inLanguage\":\"en-GB\",\"@id\":\"https:\/\/ornaqua.pt\/#\/schema\/logo\/image\/\",\"url\":\"https:\/\/ornaqua.pt\/wp-content\/uploads\/2023\/10\/logo_ornaqua_200.png\",\"contentUrl\":\"https:\/\/ornaqua.pt\/wp-content\/uploads\/2023\/10\/logo_ornaqua_200.png\",\"width\":200,\"height\":97,\"caption\":\"Ornaqua - Reprodu\u00e7\u00e3o, Importa\u00e7\u00e3o e Comercio de Peixes Ornamentais\"},\"image\":{\"@id\":\"https:\/\/ornaqua.pt\/#\/schema\/logo\/image\/\"},\"sameAs\":[\"https:\/\/www.facebook.com\/ORNAQUA\",\"https:\/\/www.instagram.com\/ornaqua\/\"]}]}<\/script>\n<!-- \/ Yoast SEO plugin. -->","yoast_head_json":{"title":"Termos e Condi\u00e7\u00f5es de Venda - Ornaqua - Reprodu\u00e7\u00e3o, Importa\u00e7\u00e3o e Comercio de Peixes Ornamentais","robots":{"index":"index","follow":"follow","max-snippet":"max-snippet:-1","max-image-preview":"max-image-preview:large","max-video-preview":"max-video-preview:-1"},"canonical":"https:\/\/ornaqua.pt\/en\/termos-e-condicoes-de-venda\/","og_locale":"en_GB","og_type":"article","og_title":"Termos e Condi\u00e7\u00f5es de Venda - Ornaqua - Reprodu\u00e7\u00e3o, Importa\u00e7\u00e3o e Comercio de Peixes Ornamentais","og_description":"Ornaqua tem o prazer de dar as boas vindas a sua loja online, que tem por objetivo, facilitar a aquisi\u00e7\u00e3o de produtos e peixes sem sair de casa e com servi\u00e7o de entrega ao domic\u00edlio. Garantindo a satisfa\u00e7\u00e3o dos clientes e o bem-estar dos peixes. &nbsp;O site http:\/\/ornaqua.pt\/, pertence a empresa: ORNAQUA-COM\u00c9RCIO DE PEIXES ORNAMENTAIS [&hellip;]","og_url":"https:\/\/ornaqua.pt\/en\/termos-e-condicoes-de-venda\/","og_site_name":"Ornaqua - Reprodu\u00e7\u00e3o, Importa\u00e7\u00e3o e Comercio de Peixes Ornamentais","article_publisher":"https:\/\/www.facebook.com\/ORNAQUA","article_modified_time":"2024-11-20T20:04:41+00:00","twitter_card":"summary_large_image","twitter_misc":{"Estimated reading time":"7 minutes"},"schema":{"@context":"https:\/\/schema.org","@graph":[{"@type":"WebPage","@id":"https:\/\/ornaqua.pt\/termos-e-condicoes-de-venda\/","url":"https:\/\/ornaqua.pt\/termos-e-condicoes-de-venda\/","name":"Termos e Condi\u00e7\u00f5es de Venda - Ornaqua - Reprodu\u00e7\u00e3o, Importa\u00e7\u00e3o e Comercio de Peixes Ornamentais","isPartOf":{"@id":"https:\/\/ornaqua.pt\/#website"},"datePublished":"2023-03-11T21:52:12+00:00","dateModified":"2024-11-20T20:04:41+00:00","breadcrumb":{"@id":"https:\/\/ornaqua.pt\/termos-e-condicoes-de-venda\/#breadcrumb"},"inLanguage":"en-GB","potentialAction":[{"@type":"ReadAction","target":["https:\/\/ornaqua.pt\/termos-e-condicoes-de-venda\/"]}]},{"@type":"BreadcrumbList","@id":"https:\/\/ornaqua.pt\/termos-e-condicoes-de-venda\/#breadcrumb","itemListElement":[{"@type":"ListItem","position":1,"name":"In\u00edcio","item":"https:\/\/ornaqua.pt\/"},{"@type":"ListItem","position":2,"name":"Termos e Condi\u00e7\u00f5es de Venda"}]},{"@type":"WebSite","@id":"https:\/\/ornaqua.pt\/#website","url":"https:\/\/ornaqua.pt\/","name":"Ornaqua - Loja Online","description":"Reprodu\u00e7\u00e3o, Importa\u00e7\u00e3o e Comercio de Peixes Ornamentais","publisher":{"@id":"https:\/\/ornaqua.pt\/#organization"},"potentialAction":[{"@type":"SearchAction","target":{"@type":"EntryPoint","urlTemplate":"https:\/\/ornaqua.pt\/?s={search_term_string}"},"query-input":{"@type":"PropertyValueSpecification","valueRequired":true,"valueName":"search_term_string"}}],"inLanguage":"en-GB"},{"@type":"Organization","@id":"https:\/\/ornaqua.pt\/#organization","name":"Ornaqua - Reprodu\u00e7\u00e3o, Importa\u00e7\u00e3o e Comercio de Peixes Ornamentais","url":"https:\/\/ornaqua.pt\/","logo":{"@type":"ImageObject","inLanguage":"en-GB","@id":"https:\/\/ornaqua.pt\/#\/schema\/logo\/image\/","url":"https:\/\/ornaqua.pt\/wp-content\/uploads\/2023\/10\/logo_ornaqua_200.png","contentUrl":"https:\/\/ornaqua.pt\/wp-content\/uploads\/2023\/10\/logo_ornaqua_200.png","width":200,"height":97,"caption":"Ornaqua - Reprodu\u00e7\u00e3o, Importa\u00e7\u00e3o e Comercio de Peixes Ornamentais"},"image":{"@id":"https:\/\/ornaqua.pt\/#\/schema\/logo\/image\/"},"sameAs":["https:\/\/www.facebook.com\/ORNAQUA","https:\/\/www.instagram.com\/ornaqua\/"]}]}},"_links":{"self":[{"href":"https:\/\/ornaqua.pt\/en\/wp-json\/wp\/v2\/pages\/35","targetHints":{"allow":["GET"]}}],"collection":[{"href":"https:\/\/ornaqua.pt\/en\/wp-json\/wp\/v2\/pages"}],"about":[{"href":"https:\/\/ornaqua.pt\/en\/wp-json\/wp\/v2\/types\/page"}],"author":[{"embeddable":true,"href":"https:\/\/ornaqua.pt\/en\/wp-json\/wp\/v2\/users\/1"}],"replies":[{"embeddable":true,"href":"https:\/\/ornaqua.pt\/en\/wp-json\/wp\/v2\/comments?post=35"}],"version-history":[{"count":21,"href":"https:\/\/ornaqua.pt\/en\/wp-json\/wp\/v2\/pages\/35\/revisions"}],"predecessor-version":[{"id":6044,"href":"https:\/\/ornaqua.pt\/en\/wp-json\/wp\/v2\/pages\/35\/revisions\/6044"}],"wp:attachment":[{"href":"https:\/\/ornaqua.pt\/en\/wp-json\/wp\/v2\/media?parent=35"}],"curies":[{"name":"wp","href":"https:\/\/api.w.org\/{rel}","templated":true}]}}