{"id":3,"date":"2023-03-11T20:43:53","date_gmt":"2023-03-11T20:43:53","guid":{"rendered":"http:\/\/ornaqua.pt\/?page_id=3"},"modified":"2024-11-20T20:05:18","modified_gmt":"2024-11-20T20:05:18","slug":"politica-privacidade","status":"publish","type":"page","link":"https:\/\/ornaqua.pt\/en\/politica-privacidade\/","title":{"rendered":"Privacy Policy"},"content":{"rendered":"<p>Este documento refere-se \u00e0 protec\u00e7\u00e3o de pessoas singulares no que respeita ao tratamento de dados pessoais e \u00e0 livre circula\u00e7\u00e3o desses dados e \u00e9 integralmente regulado pela lei portuguesa.<\/p>\n\n\n\n<p>A Ornaqua &#8211; Com\u00e9rcio de Peixes Ornamentais &#8211; Unipessoal, Lda. assume o compromisso permanente de proteger a privacidade dos dados pessoais fornecidos pelos seus utilizadores no \u00e2mbito dos servi\u00e7os por ela prestados.<\/p>\n\n\n\n<p>Este documento visa, assim, prestar aos utilizadores a informa\u00e7\u00e3o necess\u00e1ria relativamente \u00e0 pol\u00edtica de privacidade da Ornaqua &#8211; Com\u00e9rcio de Peixes Ornamentais &#8211; Unipessoal, Lda., de modo a que estes possam dar o seu consentimento expresso, livre e informado ao processamento dos seus dados pessoais realizados pela Ornaqua &#8211; Com\u00e9rcio de Peixes Ornamentais &#8211; Unipessoal, Lda..<\/p>\n\n\n\n<p>Por favor, leia atentamente este documento. Ao aceder a este website e disponibilizar os seus dados pessoais, implica o conhecimento e aceita\u00e7\u00e3o expressa e pr\u00e9via das condi\u00e7\u00f5es aqui constantes.<\/p>\n\n\n\n<p>Ao disponibilizar os seus dados pessoais no website, est\u00e1 a autorizar a sua recolha e tratamento de acordo com as regras aqui definidas.<\/p>\n\n\n\n<ol class=\"wp-block-list\">\n<li><strong>Defini\u00e7\u00e3o de dados pessoais<\/strong><br>\u201cDados pessoais\u201d s\u00e3o informa\u00e7\u00f5es sobre uma pessoa que nos s\u00e3o disponibilizadas quando essa pessoa visita o nosso Website. Entre outras, incluem-se, o nome pr\u00f3prio, apelidos, endere\u00e7o de correio electr\u00f3nico ou o n\u00famero de telefone.<\/li>\n\n\n\n<li><strong>Confidencialidade<\/strong><br>\u00c9 nossa pol\u00edtica que informa\u00e7\u00f5es pessoais, tais como o seu nome, morada, n\u00fameros de telefone ou endere\u00e7os de e-mail, s\u00e3o dados privados e confidenciais. As informa\u00e7\u00f5es pessoais, que nos fornecer, est\u00e3o conservadas em seguran\u00e7a. Essas informa\u00e7\u00f5es ser\u00e3o usadas apenas com o intuito para qual nos solicitou, como por exemplo responder \u00e0s suas quest\u00f5es.<br><\/li>\n<\/ol>\n\n\n\n<p>A Ornaqua &#8211; Com\u00e9rcio de Peixes Ornamentais &#8211; Unipessoal, Lda. respeita a privacidade do utilizador e processa os seus dados pessoais de acordo com as leis em vigor. Os dados n\u00e3o ser\u00e3o processados para quaisquer outros fins que n\u00e3o os aqui especificados.<\/p>\n\n\n\n<ol start=\"3\" class=\"wp-block-list\">\n<li><strong>Recolha de dados pessoais do utilizador<\/strong><br>Qualquer dado pessoal que nos disponibilize ao visitar o nosso Website ser\u00e1 processado em conformidade com o regulamento geral de protec\u00e7\u00e3o de dados e apenas ser\u00e3o recolhidos, processados e utilizados para fins l\u00edcitos e leg\u00edtimos.<br><\/li>\n<\/ol>\n\n\n\n<p>Os dados recolhidos nos formul\u00e1rios do nosso website destinam-se exclusivamente ao processamento dos pedidos dos utilizadores, n\u00e3o ser\u00e3o gravados na base de dados do nosso website e n\u00e3o ser\u00e3o usados para qualquer outro tipo de processamento.<br>Na exist\u00eancia de formul\u00e1rio de newsletter, os dados recolhidos na sua subscri\u00e7\u00e3o destinam-se exclusivamente \u00e0 comunica\u00e7\u00e3o e divulga\u00e7\u00e3o por parte da Ornaqua &#8211; Com\u00e9rcio de Peixes Ornamentais &#8211; Unipessoal, Lda. aos mesmos, dos servi\u00e7os que presta.<\/p>\n\n\n\n<p>Por motivos t\u00e9cnicos, quando visita o nosso Website, determinada informa\u00e7\u00e3o \u00e9 armazenada de forma autom\u00e1tica. (Por exemplo: Endere\u00e7o IP da sua liga\u00e7\u00e3o \u00e0 internet atribu\u00eddo pelo seu ISP, o Website a partir do qual acedeu ao nosso Website, o tipo de dispositivo e o navegador que a ser utilizado). Esta informa\u00e7\u00e3o \u00e9 recolhida e armazenada pela Google Analytics para an\u00e1lise de comportamentos e assim implementar melhorias no nosso website.<\/p>\n\n\n\n<p>A Ornaqua &#8211; Com\u00e9rcio de Peixes Ornamentais &#8211; Unipessoal, Lda. declara que n\u00e3o utilizar\u00e1 os dados pessoais dos utilizadores para envio de conte\u00fados n\u00e3o solicitados ou cujo conte\u00fado n\u00e3o tenha recebido o seu consentimento expl\u00edcito.<\/p>\n\n\n\n<p><strong>3.1. Cookies<\/strong><br>O nosso website utiliza \u201ccookies\u201d.<br>Cookies s\u00e3o pequenos ficheiros de texto guardados pelo nosso website no computador dos utilizadores. O nosso website utiliza cookies para reconhecer os utilizadores quando da sua visita. Esta utiliza\u00e7\u00e3o permite-nos melhorar a facilidade de utiliza\u00e7\u00e3o do nosso website e adequ\u00e1-lo \u00e0s necessidades dos seus utilizadores. Os cookies armazenados no computador dos utilizadores permanecem v\u00e1lidos durante um per\u00edodo de tempo ilimitado ap\u00f3s a primeira visita dos utilizadores ao website.<\/p>\n\n\n\n<p>Poder\u00e1 configurar o seu navegador (browser) para a n\u00e3o aceita\u00e7\u00e3o de cookies deste website. No entanto, a n\u00e3o aceita\u00e7\u00e3o de cookies limita o acesso e utiliza\u00e7\u00e3o de determinadas funcionalidades do mesmo.<\/p>\n\n\n\n<p>Poder\u00e1 saber mais na nossa Pol\u00edtica de Cookies.<\/p>\n\n\n\n<ol start=\"4\" class=\"wp-block-list\">\n<li><strong>Conserva\u00e7\u00e3o de dados pessoais<\/strong><br>Ap\u00f3s a recolha de informa\u00e7\u00e3o pessoal individualizada transmitida voluntariamente pelo utilizador, a Ornaqua &#8211; Com\u00e9rcio de Peixes Ornamentais &#8211; Unipessoal, Lda. proceder\u00e1 \u00e0 sua conserva\u00e7\u00e3o e manuten\u00e7\u00e3o pelo per\u00edodo necess\u00e1rio \u00e0 finalidade do seu tratamento, at\u00e9 instru\u00e7\u00f5es em contr\u00e1rio, ou at\u00e9 que a lei exija a respectiva elimina\u00e7\u00e3o.<\/li>\n<\/ol>\n\n\n\n<p>Os dados tratados pela Google Analytics ser\u00e3o conservados durante 14 meses, os quais ser\u00e3o eliminados automaticamente ap\u00f3s este prazo.<\/p>\n\n\n\n<ol start=\"5\" class=\"wp-block-list\">\n<li><strong>Seguran\u00e7a dos dados pessoais<\/strong><br>A Ornaqua &#8211; Com\u00e9rcio de Peixes Ornamentais &#8211; Unipessoal, Lda. compromete-se a n\u00e3o vender nem alugar ou transmitir ou sob qualquer outro t\u00edtulo, a terceiros quaisquer dados pessoais enviados pelos utilizadores do nosso website, sem preju\u00edzo de o fazer mediante autoriza\u00e7\u00e3o do utilizador ou quando seja legalmente obrigado. A Ornaqua &#8211; Com\u00e9rcio de Peixes Ornamentais &#8211; Unipessoal, Lda. assegura que, tanto quanto \u00e9 exig\u00edvel e atend\u00edvel, foram adoptadas e organizadas as medidas adequadas para proteger os dados pessoais contra a destrui\u00e7\u00e3o, altera\u00e7\u00e3o e\/ou difus\u00e3o acidental ou il\u00edcita, n\u00e3o autorizadas dos dados pessoais.<br><\/li>\n<\/ol>\n\n\n\n<p>Qualquer tentativa de viola\u00e7\u00e3o da base de dados do presente website ser\u00e1 objecto de ac\u00e7\u00e3o penal e queixa-crime, conforme previsto na legisla\u00e7\u00e3o portuguesa referente a bases de dados e poder\u00e1 implicar responsabilidade civil e criminal.<\/p>\n\n\n\n<ol start=\"6\" class=\"wp-block-list\">\n<li><strong>Ced\u00eancia de informa\u00e7\u00f5es de dados pessoais a terceiros<\/strong><br>Os dados pessoais comuns podem ser comunicados pela Ornaqua &#8211; Com\u00e9rcio de Peixes Ornamentais &#8211; Unipessoal, Lda.:<\/li>\n<\/ol>\n\n\n\n<p>\u00c0s pessoas e empresas que prestem servi\u00e7os de consultoria jur\u00eddica, fiscal, financeira e contabil\u00edstica a Ornaqua &#8211; Com\u00e9rcio de Peixes Ornamentais &#8211; Unipessoal, Lda.;<br>Institui\u00e7\u00f5es, entidades e\/ou autoridades a quem os dados devam ser transmitido nos termos estatut\u00e1ria e\/ou legalmente previstos;<br>Entidades ligadas \u00e0 atividade comercial prosseguida pela Ornaqua &#8211; Com\u00e9rcio de Peixes Ornamentais &#8211; Unipessoal, Lda. e estritamente relacionadas com a presta\u00e7\u00e3o de servi\u00e7os por esta \u00faltima e entidades a quem a Ornaqua &#8211; Com\u00e9rcio de Peixes Ornamentais &#8211; Unipessoal, Lda. delega a manuten\u00e7\u00e3o t\u00e9cnica dos servi\u00e7os por si prestados, incluindo a manuten\u00e7\u00e3o da website e comunica\u00e7\u00f5es eletr\u00f3nicas.<\/p>\n\n\n\n<ol start=\"7\" class=\"wp-block-list\">\n<li><strong>Controlador e Processador de Dados<\/strong><br>O respons\u00e1vel pelo processamento e tratamento dos dados \u00e9 a:<\/li>\n<\/ol>\n\n\n\n<p>Ornaqua &#8211; Com\u00e9rcio de Peixes Ornamentais &#8211; Unipessoal, Lda.<br>Avenida das Escolas n\u00ba 3 &#8211; R\/C<br>4540-103 Arouca<br>Aveiro \u2013 Portugal<\/p>\n\n\n\n<ol start=\"8\" class=\"wp-block-list\">\n<li><strong>Acesso, Retifica\u00e7\u00e3o ou elimina\u00e7\u00e3o dos dados fornecidos<\/strong><br>Nos termos da legisla\u00e7\u00e3o aplic\u00e1vel assiste ao utilizador o direito de acesso, retifica\u00e7\u00e3o ou elimina\u00e7\u00e3o dos seus dados.<br>Poder\u00e1 exercer esse direito contactando-nos.<\/li>\n<\/ol>\n\n\n\n<p>Ornaqua &#8211; Com\u00e9rcio de Peixes Ornamentais &#8211; Unipessoal, Lda.<br>Avenida das Escolas n\u00ba 3 &#8211; R\/C<br>4540-103 Arouca<br>Aveiro \u2013 Portugal<br>Telefone: +351 914 465 328 (Chamada para rede m\u00f3vel nacional)<\/p>\n\n\n\n<p>Poder\u00e1 tamb\u00e9m solicitar informa\u00e7\u00f5es via e-mail para o endere\u00e7o geral@ornaqua.pt<\/p>","protected":false},"excerpt":{"rendered":"<p>Este documento refere-se \u00e0 protec\u00e7\u00e3o de pessoas singulares no que respeita ao tratamento de dados pessoais e \u00e0 livre circula\u00e7\u00e3o desses dados e \u00e9 integralmente regulado pela lei portuguesa. A Ornaqua &#8211; Com\u00e9rcio de Peixes Ornamentais &#8211; Unipessoal, Lda. assume o compromisso permanente de proteger a privacidade dos dados pessoais fornecidos pelos seus utilizadores no [&hellip;]<\/p>\n","protected":false},"author":1,"featured_media":0,"parent":0,"menu_order":0,"comment_status":"closed","ping_status":"open","template":"","meta":{"inline_featured_image":false,"footnotes":""},"class_list":["post-3","page","type-page","status-publish","hentry"],"yoast_head":"<!-- This site is optimized with the Yoast SEO plugin v27.1.1 - https:\/\/yoast.com\/product\/yoast-seo-wordpress\/ -->\n<title>Pol\u00edtica de privacidade - Ornaqua - Reprodu\u00e7\u00e3o, Importa\u00e7\u00e3o e Comercio de Peixes Ornamentais<\/title>\n<meta name=\"robots\" content=\"index, follow, max-snippet:-1, max-image-preview:large, max-video-preview:-1\" \/>\n<link rel=\"canonical\" href=\"https:\/\/ornaqua.pt\/en\/politica-privacidade\/\" \/>\n<meta property=\"og:locale\" content=\"en_GB\" \/>\n<meta property=\"og:type\" content=\"article\" \/>\n<meta property=\"og:title\" content=\"Pol\u00edtica de privacidade - Ornaqua - Reprodu\u00e7\u00e3o, Importa\u00e7\u00e3o e Comercio de Peixes Ornamentais\" \/>\n<meta property=\"og:description\" content=\"Este documento refere-se \u00e0 protec\u00e7\u00e3o de pessoas singulares no que respeita ao tratamento de dados pessoais e \u00e0 livre circula\u00e7\u00e3o desses dados e \u00e9 integralmente regulado pela lei portuguesa. A Ornaqua &#8211; Com\u00e9rcio de Peixes Ornamentais &#8211; Unipessoal, Lda. assume o compromisso permanente de proteger a privacidade dos dados pessoais fornecidos pelos seus utilizadores no [&hellip;]\" \/>\n<meta property=\"og:url\" content=\"https:\/\/ornaqua.pt\/en\/politica-privacidade\/\" \/>\n<meta property=\"og:site_name\" content=\"Ornaqua - Reprodu\u00e7\u00e3o, Importa\u00e7\u00e3o e Comercio de Peixes Ornamentais\" \/>\n<meta property=\"article:publisher\" content=\"https:\/\/www.facebook.com\/ORNAQUA\" \/>\n<meta property=\"article:modified_time\" content=\"2024-11-20T20:05:18+00:00\" \/>\n<meta name=\"twitter:card\" content=\"summary_large_image\" \/>\n<meta name=\"twitter:label1\" content=\"Estimated reading time\" \/>\n\t<meta name=\"twitter:data1\" content=\"6 minutes\" \/>\n<script type=\"application\/ld+json\" class=\"yoast-schema-graph\">{\"@context\":\"https:\/\/schema.org\",\"@graph\":[{\"@type\":\"WebPage\",\"@id\":\"https:\/\/ornaqua.pt\/politica-privacidade\/\",\"url\":\"https:\/\/ornaqua.pt\/politica-privacidade\/\",\"name\":\"Pol\u00edtica de privacidade - Ornaqua - Reprodu\u00e7\u00e3o, Importa\u00e7\u00e3o e Comercio de Peixes Ornamentais\",\"isPartOf\":{\"@id\":\"https:\/\/ornaqua.pt\/#website\"},\"datePublished\":\"2023-03-11T20:43:53+00:00\",\"dateModified\":\"2024-11-20T20:05:18+00:00\",\"breadcrumb\":{\"@id\":\"https:\/\/ornaqua.pt\/politica-privacidade\/#breadcrumb\"},\"inLanguage\":\"en-GB\",\"potentialAction\":[{\"@type\":\"ReadAction\",\"target\":[\"https:\/\/ornaqua.pt\/politica-privacidade\/\"]}]},{\"@type\":\"BreadcrumbList\",\"@id\":\"https:\/\/ornaqua.pt\/politica-privacidade\/#breadcrumb\",\"itemListElement\":[{\"@type\":\"ListItem\",\"position\":1,\"name\":\"In\u00edcio\",\"item\":\"https:\/\/ornaqua.pt\/\"},{\"@type\":\"ListItem\",\"position\":2,\"name\":\"Pol\u00edtica de privacidade\"}]},{\"@type\":\"WebSite\",\"@id\":\"https:\/\/ornaqua.pt\/#website\",\"url\":\"https:\/\/ornaqua.pt\/\",\"name\":\"Ornaqua - Loja Online\",\"description\":\"Reprodu\u00e7\u00e3o, Importa\u00e7\u00e3o e Comercio de Peixes Ornamentais\",\"publisher\":{\"@id\":\"https:\/\/ornaqua.pt\/#organization\"},\"potentialAction\":[{\"@type\":\"SearchAction\",\"target\":{\"@type\":\"EntryPoint\",\"urlTemplate\":\"https:\/\/ornaqua.pt\/?s={search_term_string}\"},\"query-input\":{\"@type\":\"PropertyValueSpecification\",\"valueRequired\":true,\"valueName\":\"search_term_string\"}}],\"inLanguage\":\"en-GB\"},{\"@type\":\"Organization\",\"@id\":\"https:\/\/ornaqua.pt\/#organization\",\"name\":\"Ornaqua - Reprodu\u00e7\u00e3o, Importa\u00e7\u00e3o e Comercio de Peixes Ornamentais\",\"url\":\"https:\/\/ornaqua.pt\/\",\"logo\":{\"@type\":\"ImageObject\",\"inLanguage\":\"en-GB\",\"@id\":\"https:\/\/ornaqua.pt\/#\/schema\/logo\/image\/\",\"url\":\"https:\/\/ornaqua.pt\/wp-content\/uploads\/2023\/10\/logo_ornaqua_200.png\",\"contentUrl\":\"https:\/\/ornaqua.pt\/wp-content\/uploads\/2023\/10\/logo_ornaqua_200.png\",\"width\":200,\"height\":97,\"caption\":\"Ornaqua - Reprodu\u00e7\u00e3o, Importa\u00e7\u00e3o e Comercio de Peixes Ornamentais\"},\"image\":{\"@id\":\"https:\/\/ornaqua.pt\/#\/schema\/logo\/image\/\"},\"sameAs\":[\"https:\/\/www.facebook.com\/ORNAQUA\",\"https:\/\/www.instagram.com\/ornaqua\/\"]}]}<\/script>\n<!-- \/ Yoast SEO plugin. -->","yoast_head_json":{"title":"Pol\u00edtica de privacidade - Ornaqua - Reprodu\u00e7\u00e3o, Importa\u00e7\u00e3o e Comercio de Peixes Ornamentais","robots":{"index":"index","follow":"follow","max-snippet":"max-snippet:-1","max-image-preview":"max-image-preview:large","max-video-preview":"max-video-preview:-1"},"canonical":"https:\/\/ornaqua.pt\/en\/politica-privacidade\/","og_locale":"en_GB","og_type":"article","og_title":"Pol\u00edtica de privacidade - Ornaqua - Reprodu\u00e7\u00e3o, Importa\u00e7\u00e3o e Comercio de Peixes Ornamentais","og_description":"Este documento refere-se \u00e0 protec\u00e7\u00e3o de pessoas singulares no que respeita ao tratamento de dados pessoais e \u00e0 livre circula\u00e7\u00e3o desses dados e \u00e9 integralmente regulado pela lei portuguesa. A Ornaqua &#8211; Com\u00e9rcio de Peixes Ornamentais &#8211; Unipessoal, Lda. assume o compromisso permanente de proteger a privacidade dos dados pessoais fornecidos pelos seus utilizadores no [&hellip;]","og_url":"https:\/\/ornaqua.pt\/en\/politica-privacidade\/","og_site_name":"Ornaqua - Reprodu\u00e7\u00e3o, Importa\u00e7\u00e3o e Comercio de Peixes Ornamentais","article_publisher":"https:\/\/www.facebook.com\/ORNAQUA","article_modified_time":"2024-11-20T20:05:18+00:00","twitter_card":"summary_large_image","twitter_misc":{"Estimated reading time":"6 minutes"},"schema":{"@context":"https:\/\/schema.org","@graph":[{"@type":"WebPage","@id":"https:\/\/ornaqua.pt\/politica-privacidade\/","url":"https:\/\/ornaqua.pt\/politica-privacidade\/","name":"Pol\u00edtica de privacidade - Ornaqua - Reprodu\u00e7\u00e3o, Importa\u00e7\u00e3o e Comercio de Peixes Ornamentais","isPartOf":{"@id":"https:\/\/ornaqua.pt\/#website"},"datePublished":"2023-03-11T20:43:53+00:00","dateModified":"2024-11-20T20:05:18+00:00","breadcrumb":{"@id":"https:\/\/ornaqua.pt\/politica-privacidade\/#breadcrumb"},"inLanguage":"en-GB","potentialAction":[{"@type":"ReadAction","target":["https:\/\/ornaqua.pt\/politica-privacidade\/"]}]},{"@type":"BreadcrumbList","@id":"https:\/\/ornaqua.pt\/politica-privacidade\/#breadcrumb","itemListElement":[{"@type":"ListItem","position":1,"name":"In\u00edcio","item":"https:\/\/ornaqua.pt\/"},{"@type":"ListItem","position":2,"name":"Pol\u00edtica de privacidade"}]},{"@type":"WebSite","@id":"https:\/\/ornaqua.pt\/#website","url":"https:\/\/ornaqua.pt\/","name":"Ornaqua - Loja Online","description":"Reprodu\u00e7\u00e3o, Importa\u00e7\u00e3o e Comercio de Peixes Ornamentais","publisher":{"@id":"https:\/\/ornaqua.pt\/#organization"},"potentialAction":[{"@type":"SearchAction","target":{"@type":"EntryPoint","urlTemplate":"https:\/\/ornaqua.pt\/?s={search_term_string}"},"query-input":{"@type":"PropertyValueSpecification","valueRequired":true,"valueName":"search_term_string"}}],"inLanguage":"en-GB"},{"@type":"Organization","@id":"https:\/\/ornaqua.pt\/#organization","name":"Ornaqua - Reprodu\u00e7\u00e3o, Importa\u00e7\u00e3o e Comercio de Peixes Ornamentais","url":"https:\/\/ornaqua.pt\/","logo":{"@type":"ImageObject","inLanguage":"en-GB","@id":"https:\/\/ornaqua.pt\/#\/schema\/logo\/image\/","url":"https:\/\/ornaqua.pt\/wp-content\/uploads\/2023\/10\/logo_ornaqua_200.png","contentUrl":"https:\/\/ornaqua.pt\/wp-content\/uploads\/2023\/10\/logo_ornaqua_200.png","width":200,"height":97,"caption":"Ornaqua - Reprodu\u00e7\u00e3o, Importa\u00e7\u00e3o e Comercio de Peixes Ornamentais"},"image":{"@id":"https:\/\/ornaqua.pt\/#\/schema\/logo\/image\/"},"sameAs":["https:\/\/www.facebook.com\/ORNAQUA","https:\/\/www.instagram.com\/ornaqua\/"]}]}},"_links":{"self":[{"href":"https:\/\/ornaqua.pt\/en\/wp-json\/wp\/v2\/pages\/3","targetHints":{"allow":["GET"]}}],"collection":[{"href":"https:\/\/ornaqua.pt\/en\/wp-json\/wp\/v2\/pages"}],"about":[{"href":"https:\/\/ornaqua.pt\/en\/wp-json\/wp\/v2\/types\/page"}],"author":[{"embeddable":true,"href":"https:\/\/ornaqua.pt\/en\/wp-json\/wp\/v2\/users\/1"}],"replies":[{"embeddable":true,"href":"https:\/\/ornaqua.pt\/en\/wp-json\/wp\/v2\/comments?post=3"}],"version-history":[{"count":3,"href":"https:\/\/ornaqua.pt\/en\/wp-json\/wp\/v2\/pages\/3\/revisions"}],"predecessor-version":[{"id":6045,"href":"https:\/\/ornaqua.pt\/en\/wp-json\/wp\/v2\/pages\/3\/revisions\/6045"}],"wp:attachment":[{"href":"https:\/\/ornaqua.pt\/en\/wp-json\/wp\/v2\/media?parent=3"}],"curies":[{"name":"wp","href":"https:\/\/api.w.org\/{rel}","templated":true}]}}